{"id":240744,"date":"2019-11-12T08:15:50","date_gmt":"2019-11-12T07:15:50","guid":{"rendered":"https:\/\/blue-deco.de\/?page_id=240744"},"modified":"2021-11-29T09:08:33","modified_gmt":"2021-11-29T08:08:33","slug":"impressum","status":"publish","type":"page","link":"https:\/\/blue-deco.de\/index.php\/impressum\/","title":{"rendered":"Impressum"},"content":{"rendered":"<p>[et_pb_section fb_built=&#8220;1&#8243; _builder_version=&#8220;4.0.6&#8243; background_enable_color=&#8220;off&#8220; background_image=&#8220;https:\/\/blue-deco.de\/wp-content\/uploads\/2019\/11\/impressum_Datenschutz.png&#8220; custom_margin=&#8220;||||false&#8220; custom_padding=&#8220;245px||245px||true|false&#8220; global_colors_info=&#8220;{}&#8220;][\/et_pb_section][et_pb_section fb_built=&#8220;1&#8243; _builder_version=&#8220;3.29.3&#8243; custom_padding=&#8220;54px||54px||true|false&#8220; global_colors_info=&#8220;{}&#8220;][et_pb_row _builder_version=&#8220;3.29.3&#8243; global_colors_info=&#8220;{}&#8220;][et_pb_column type=&#8220;4_4&#8243; _builder_version=&#8220;3.29.3&#8243; global_colors_info=&#8220;{}&#8220;][et_pb_text _builder_version=&#8220;4.0.6&#8243; text_font=&#8220;||||||||&#8220; header_font=&#8220;||||||||&#8220; header_2_font=&#8220;Rubik|700|||||||&#8220; header_2_font_size=&#8220;42px&#8220; header_2_line_height=&#8220;1.2em&#8220; header_3_font=&#8220;Montserrat|600||on|||||&#8220; header_3_text_color=&#8220;#2d2d2d&#8220; header_3_font_size=&#8220;42px&#8220; header_3_line_height=&#8220;1.2em&#8220; header_4_font=&#8220;Montserrat|600||on|||||&#8220; header_4_text_color=&#8220;#2d2d2d&#8220; header_4_font_size=&#8220;42px&#8220; header_4_line_height=&#8220;1.2em&#8220; module_alignment=&#8220;center&#8220; custom_margin=&#8220;|||&#8220; custom_padding=&#8220;|||&#8220; animation_direction=&#8220;top&#8220; header_2_font_size_tablet=&#8220;&#8220; header_2_font_size_phone=&#8220;36px&#8220; header_2_font_size_last_edited=&#8220;on|phone&#8220; header_3_font_size_tablet=&#8220;&#8220; header_3_font_size_phone=&#8220;36px&#8220; header_3_font_size_last_edited=&#8220;on|phone&#8220; header_4_font_size_tablet=&#8220;&#8220; header_4_font_size_phone=&#8220;36px&#8220; header_4_font_size_last_edited=&#8220;on|phone&#8220; locked=&#8220;off&#8220; global_colors_info=&#8220;{}&#8220;]<\/p>\n<h4>Impressum<\/h4>\n<p>[\/et_pb_text][et_pb_divider color=&#8220;#0000FF&#8220; divider_position=&#8220;center&#8220; divider_weight=&#8220;5px&#8220; _builder_version=&#8220;4.0.6&#8243; max_width=&#8220;50px&#8220; module_alignment=&#8220;left&#8220; min_height=&#8220;32px&#8220; custom_margin=&#8220;-38px||11px||false|false&#8220; global_colors_info=&#8220;{}&#8220;][\/et_pb_divider][et_pb_text _builder_version=&#8220;4.0.6&#8243; text_font=&#8220;Montserrat|300|||||||&#8220; text_text_color=&#8220;#2d2d2d&#8220; text_font_size=&#8220;18px&#8220; text_line_height=&#8220;1.4em&#8220; header_font=&#8220;||||||||&#8220; custom_margin=&#8220;||42px&#8220; custom_padding=&#8220;|||&#8220; custom_padding_tablet=&#8220;|40px||40px||true&#8220; custom_padding_last_edited=&#8220;off|desktop&#8220; global_colors_info=&#8220;{}&#8220;]<\/p>\n<p><strong>ANGABEN GEM\u00c4SS \u00a7 5 TMG:<\/strong><\/p>\n<p>BLUE-DECO WERBETECHNIK GMBH<\/p>\n<p>EMIL-ROHRMANN-STRA\u00dfE 2, 58239 SCHWERTE<\/p>\n<p><strong><\/strong><\/p>\n<p><strong>VERTRETEN DURCH:<\/strong><\/p>\n<p>THOMAS POLCHER<\/p>\n<p><strong><\/strong><\/p>\n<p><strong>KONTAKT:<\/strong><\/p>\n<p>TELEFON: +49 (0) 2304 911 90<\/p>\n<p>TELEFAX: +49 (0) 2304 911 19<\/p>\n<p>E-MAIL: INFO@BLUE-DECO.DE<\/p>\n<p><strong><\/strong><\/p>\n<p><strong>REGISTEREINTRAG:<\/strong><\/p>\n<p>EINTRAGUNG IM HANDELSREGISTER.<\/p>\n<p>REGISTERGERICHT:HAGEN REGISTERNUMMER: 7932<\/p>\n<p><strong><\/strong><\/p>\n<p><strong>UMSATZSTEUER:<\/strong><\/p>\n<p>UMSATZSTEUER-IDENTIFIKATIONSNUMMER GEM\u00c4SS \u00a727 A UMSATZSTEUERGESETZ:<\/p>\n<p>DE 259486870<\/p>\n<p><strong><\/strong><\/p>\n<p><strong>STREITSCHLICHTUNG<\/strong><\/p>\n<p>WIR SIND NICHT BEREIT ODER VERPFLICHTET, AN STREITBEILEGUNGSVERFAHREN VOR EINER VERBRAUCHERSCHLICHTUNGSSTELLE TEILZUNEHMEN.<\/p>\n<p>&nbsp;<\/p>\n<p><strong>DISCLAIMER<\/strong><\/p>\n<ol>\n<li><strong>WARNHINWEIS ZU INHALTEN<\/strong><\/li>\n<\/ol>\n<p>DIE KOSTENLOSEN UND FREI ZUG\u00c4NGLICHEN INHALTE DIESER WEBSEITE WURDEN MIT GR\u00d6SSTM\u00d6GLICHER SORGFALT ERSTELLT. DER ANBIETER DIESER WEBSEITE \u00dcBERNIMMT JEDOCH KEINE GEW\u00c4HR F\u00dcR DIE RICHTIGKEIT UND AKTUALIT\u00c4T DER BEREITGESTELLTEN KOSTENLOSEN UND FREI ZUG\u00c4NGLICHEN JOURNALISTISCHEN RATGEBER UND NACHRICHTEN. DIE NUTZUNG DIESER WEBSEITENINHALTE ERFOLGT AUF EIGENE GEFAHR. ALLEIN DURCH DEN AUFRUF DIESER KOSTENLOSEN UND FREI ZUG\u00c4NGLICHEN INHALTE KOMMT KEINERLEI VERTRAGSVERH\u00c4LTNIS ZWISCHEN DEM NUTZER UND DEM ANBIETER ZUSTANDE, INSOWEIT FEHLT ES AM RECHTSBINDUNGSWILLEN DES ANBIETERS.<\/p>\n<p>&nbsp;<\/p>\n<ol start=\"2\">\n<li><strong>VERLINKUNGEN<\/strong><\/li>\n<\/ol>\n<p>DIE WEBSEITE ENTH\u00c4LT VERLINKUNGEN ZU ANDEREN WEBSEITEN (\u201eEXTERNE LINKS\u201c). DIESE WEBSEITEN UNTERLIEGEN DER HAFTUNG DER JEWEILIGEN SEITENBETREIBER. BEI VERKN\u00dcPFUNG DER EXTERNEN LINKS WAREN KEINE RECHTSVERST\u00d6SSE ERSICHTLICH. AUF DIE AKTUELLE UND K\u00dcNFTIGE GESTALTUNG DER VERLINKTEN SEITEN HAT DER ANBIETER KEINEN EINFLUSS. DIE PERMANENTE \u00dcBERPR\u00dcFUNG DER EXTERNEN LINKS IST F\u00dcR DEN ANBIETER OHNE KONKRETE HINWEISE AUF RECHTSVERST\u00d6SSE NICHT ZUMUTBAR. BEI BEKANNTWERDEN VON RECHTSVERST\u00d6SSEN WERDEN DIE BETROFFENEN EXTERNEN LINKS UNVERZ\u00dcGLICH GEL\u00d6SCHT.<\/p>\n<p>&nbsp;<\/p>\n<ol start=\"3\">\n<li><strong>URHEBERRECHT \/ LEISTUNGSSCHUTZRECHT<\/strong><\/li>\n<\/ol>\n<p>DIE AUF DIESER WEBSEITE DURCH DEN ANBIETER VER\u00d6FFENTLICHTEN INHALTE UNTERLIEGEN DEM DEUTSCHEN URHEBERRECHT UND LEISTUNGSSCHUTZRECHT. ALLE VOM DEUTSCHEN URHEBER- UND LEISTUNGSSCHUTZRECHT NICHT ZUGELASSENE VERWERTUNG BEDARF DER VORHERIGEN SCHRIFTLICHEN ZUSTIMMUNG DES ANBIETERS ODER JEWEILIGEN RECHTEINHABERS. DIES GILT VOR ALLEM F\u00dcR VERVIELF\u00c4LTIGUNG, BEARBEITUNG, \u00dcBERSETZUNG, EINSPEICHERUNG, VERARBEITUNG BZW. WIEDERGABE VON INHALTEN IN DATENBANKEN ODER ANDEREN ELEKTRONISCHEN MEDIEN UND SYSTEMEN. DABEI SIND INHALTE UND RECHTE DRITTER ALS SOLCHE GEKENNZEICHNET. DAS UNERLAUBTE KOPIEREN DER WEBSEITENINHALTE ODER DER KOMPLETTEN WEBSEITE IST NICHT GESTATTET UND STRAFBAR. LEDIGLICH DIE HERSTELLUNG VON KOPIEN UND DOWNLOADS F\u00dcR DEN PERS\u00d6NLICHEN, PRIVATEN UND NICHT KOMMERZIELLEN GEBRAUCH IST ERLAUBT.<\/p>\n<p>DIESE WEBSITE DARF OHNE SCHRIFTLICHE ERLAUBNIS NICHT DURCH DRITTE IN FRAMES ODER IFRAMES DARGESTELLT WERDEN.<\/p>\n<ol start=\"4\">\n<li><strong>KEINE WERBUNG<\/strong><\/li>\n<\/ol>\n<p>DIE VERWENDUNG DER KONTAKTDATEN DES IMPRESSUMS ZUR GEWERBLICHEN WERBUNG IST AUSDR\u00dcCKLICH NICHT ERW\u00dcNSCHT, ES SEI DENN DER ANBIETER HATTE ZUVOR SEINE SCHRIFTLICHE EINWILLIGUNG ERTEILT ODER ES BESTEHT BEREITS EINE GESCH\u00c4FTSBEZIEHUNG. DER ANBIETER UND ALLE AUF DIESER WEBSITE GENANNTEN PERSONEN WIDERSPRECHEN HIERMIT JEDER KOMMERZIELLEN VERWENDUNG UND WEITERGABE IHRER DATEN.<\/p>\n<ol start=\"5\">\n<li><strong>BESONDERE NUTZUNGSBEDINGUNGEN<\/strong><\/li>\n<\/ol>\n<p>SOWEIT BESONDERE BEDINGUNGEN F\u00dcR EINZELNE NUTZUNGEN DIESER WEBSITE VON DEN VORGENANNTEN NUMMERN 1. BIS 4. ABWEICHEN, WIRD AN ENTSPRECHENDER STELLE AUSDR\u00dcCKLICH DARAUF HINGEWIESEN. IN DIESEM FALLE GELTEN IM JEWEILIGEN EINZELFALL DIE BESONDEREN BEDINGUNGEN.<\/p>\n<p><strong>QUELLE:<\/strong> DISCLAIMER VORLAGE VON FACHANWALT.DE<\/p>\n<p>[\/et_pb_text][\/et_pb_column][\/et_pb_row][\/et_pb_section]<\/p>\n","protected":false},"excerpt":{"rendered":"<p>ImpressumANGABEN GEM\u00c4SS \u00a7 5 TMG: BLUE-DECO WERBETECHNIK GMBH EMIL-ROHRMANN-STRA\u00dfE 2, 58239 SCHWERTE VERTRETEN DURCH: THOMAS POLCHER KONTAKT: TELEFON: +49 (0) 2304 911 90 TELEFAX: +49 (0) 2304 911 19 E-MAIL: INFO@BLUE-DECO.DE REGISTEREINTRAG: EINTRAGUNG IM HANDELSREGISTER. REGISTERGERICHT:HAGEN REGISTERNUMMER: 7932 UMSATZSTEUER: UMSATZSTEUER-IDENTIFIKATIONSNUMMER GEM\u00c4SS \u00a727 A UMSATZSTEUERGESETZ: DE 259486870 STREITSCHLICHTUNG WIR SIND NICHT BEREIT ODER VERPFLICHTET, AN STREITBEILEGUNGSVERFAHREN [&hellip;]<\/p>\n","protected":false},"author":1,"featured_media":0,"parent":0,"menu_order":0,"comment_status":"closed","ping_status":"closed","template":"","meta":{"_et_pb_use_builder":"on","_et_pb_old_content":"<!-- wp:divi\/placeholder \/-->","_et_gb_content_width":""},"yoast_head":"<!-- This site is optimized with the Yoast SEO plugin v17.6 - https:\/\/yoast.com\/wordpress\/plugins\/seo\/ -->\n<title>Impressum | blue-deco Werbetechnik GmbH<\/title>\n<meta name=\"description\" content=\"Impressum\" \/>\n<meta name=\"robots\" content=\"index, follow, max-snippet:-1, max-image-preview:large, max-video-preview:-1\" \/>\n<link rel=\"canonical\" href=\"https:\/\/blue-deco.de\/index.php\/impressum\/\" \/>\n<meta property=\"og:locale\" content=\"de_DE\" \/>\n<meta property=\"og:type\" content=\"article\" \/>\n<meta property=\"og:title\" content=\"Impressum | blue-deco Werbetechnik GmbH\" \/>\n<meta property=\"og:description\" content=\"Impressum\" \/>\n<meta property=\"og:url\" content=\"https:\/\/blue-deco.de\/index.php\/impressum\/\" \/>\n<meta property=\"og:site_name\" content=\"blue-deco Werbetechnik GmbH\" \/>\n<meta property=\"article:publisher\" content=\"https:\/\/www.facebook.com\/bluedeco.werbetechnik\" \/>\n<meta property=\"article:modified_time\" content=\"2021-11-29T08:08:33+00:00\" \/>\n<meta name=\"twitter:card\" content=\"summary_large_image\" \/>\n<meta name=\"twitter:label1\" content=\"Gesch\u00e4tzte Lesezeit\" \/>\n\t<meta name=\"twitter:data1\" content=\"4\u00a0Minuten\" \/>\n<script type=\"application\/ld+json\" class=\"yoast-schema-graph\">{\"@context\":\"https:\/\/schema.org\",\"@graph\":[{\"@type\":\"WebSite\",\"@id\":\"https:\/\/blue-deco.de\/#website\",\"url\":\"https:\/\/blue-deco.de\/\",\"name\":\"blue-deco Werbetechnik GmbH\",\"description\":\"Ihr Partner f\\u00fcr Werbetechnik &amp; Gro\\u00dfbildkommunikation mit Sitz in Schwerte\",\"potentialAction\":[{\"@type\":\"SearchAction\",\"target\":{\"@type\":\"EntryPoint\",\"urlTemplate\":\"https:\/\/blue-deco.de\/?s={search_term_string}\"},\"query-input\":\"required name=search_term_string\"}],\"inLanguage\":\"de\"},{\"@type\":\"WebPage\",\"@id\":\"https:\/\/blue-deco.de\/index.php\/impressum\/#webpage\",\"url\":\"https:\/\/blue-deco.de\/index.php\/impressum\/\",\"name\":\"Impressum | blue-deco Werbetechnik GmbH\",\"isPartOf\":{\"@id\":\"https:\/\/blue-deco.de\/#website\"},\"datePublished\":\"2019-11-12T07:15:50+00:00\",\"dateModified\":\"2021-11-29T08:08:33+00:00\",\"description\":\"Impressum\",\"breadcrumb\":{\"@id\":\"https:\/\/blue-deco.de\/index.php\/impressum\/#breadcrumb\"},\"inLanguage\":\"de\",\"potentialAction\":[{\"@type\":\"ReadAction\",\"target\":[\"https:\/\/blue-deco.de\/index.php\/impressum\/\"]}]},{\"@type\":\"BreadcrumbList\",\"@id\":\"https:\/\/blue-deco.de\/index.php\/impressum\/#breadcrumb\",\"itemListElement\":[{\"@type\":\"ListItem\",\"position\":1,\"name\":\"Startseite\",\"item\":\"https:\/\/blue-deco.de\/\"},{\"@type\":\"ListItem\",\"position\":2,\"name\":\"Impressum\"}]}]}<\/script>\n<!-- \/ Yoast SEO plugin. -->","yoast_head_json":{"title":"Impressum | blue-deco Werbetechnik GmbH","description":"Impressum","robots":{"index":"index","follow":"follow","max-snippet":"max-snippet:-1","max-image-preview":"max-image-preview:large","max-video-preview":"max-video-preview:-1"},"canonical":"https:\/\/blue-deco.de\/index.php\/impressum\/","og_locale":"de_DE","og_type":"article","og_title":"Impressum | blue-deco Werbetechnik GmbH","og_description":"Impressum","og_url":"https:\/\/blue-deco.de\/index.php\/impressum\/","og_site_name":"blue-deco Werbetechnik GmbH","article_publisher":"https:\/\/www.facebook.com\/bluedeco.werbetechnik","article_modified_time":"2021-11-29T08:08:33+00:00","twitter_card":"summary_large_image","twitter_misc":{"Gesch\u00e4tzte Lesezeit":"4\u00a0Minuten"},"schema":{"@context":"https:\/\/schema.org","@graph":[{"@type":"WebSite","@id":"https:\/\/blue-deco.de\/#website","url":"https:\/\/blue-deco.de\/","name":"blue-deco Werbetechnik GmbH","description":"Ihr Partner f\u00fcr Werbetechnik &amp; Gro\u00dfbildkommunikation mit Sitz in Schwerte","potentialAction":[{"@type":"SearchAction","target":{"@type":"EntryPoint","urlTemplate":"https:\/\/blue-deco.de\/?s={search_term_string}"},"query-input":"required name=search_term_string"}],"inLanguage":"de"},{"@type":"WebPage","@id":"https:\/\/blue-deco.de\/index.php\/impressum\/#webpage","url":"https:\/\/blue-deco.de\/index.php\/impressum\/","name":"Impressum | blue-deco Werbetechnik GmbH","isPartOf":{"@id":"https:\/\/blue-deco.de\/#website"},"datePublished":"2019-11-12T07:15:50+00:00","dateModified":"2021-11-29T08:08:33+00:00","description":"Impressum","breadcrumb":{"@id":"https:\/\/blue-deco.de\/index.php\/impressum\/#breadcrumb"},"inLanguage":"de","potentialAction":[{"@type":"ReadAction","target":["https:\/\/blue-deco.de\/index.php\/impressum\/"]}]},{"@type":"BreadcrumbList","@id":"https:\/\/blue-deco.de\/index.php\/impressum\/#breadcrumb","itemListElement":[{"@type":"ListItem","position":1,"name":"Startseite","item":"https:\/\/blue-deco.de\/"},{"@type":"ListItem","position":2,"name":"Impressum"}]}]}},"_links":{"self":[{"href":"https:\/\/blue-deco.de\/index.php\/wp-json\/wp\/v2\/pages\/240744"}],"collection":[{"href":"https:\/\/blue-deco.de\/index.php\/wp-json\/wp\/v2\/pages"}],"about":[{"href":"https:\/\/blue-deco.de\/index.php\/wp-json\/wp\/v2\/types\/page"}],"author":[{"embeddable":true,"href":"https:\/\/blue-deco.de\/index.php\/wp-json\/wp\/v2\/users\/1"}],"replies":[{"embeddable":true,"href":"https:\/\/blue-deco.de\/index.php\/wp-json\/wp\/v2\/comments?post=240744"}],"version-history":[{"count":9,"href":"https:\/\/blue-deco.de\/index.php\/wp-json\/wp\/v2\/pages\/240744\/revisions"}],"predecessor-version":[{"id":240960,"href":"https:\/\/blue-deco.de\/index.php\/wp-json\/wp\/v2\/pages\/240744\/revisions\/240960"}],"wp:attachment":[{"href":"https:\/\/blue-deco.de\/index.php\/wp-json\/wp\/v2\/media?parent=240744"}],"curies":[{"name":"wp","href":"https:\/\/api.w.org\/{rel}","templated":true}]}}