{"id":240740,"date":"2019-11-12T08:10:21","date_gmt":"2019-11-12T07:10:21","guid":{"rendered":"https:\/\/blue-deco.de\/?page_id=240740"},"modified":"2021-12-14T09:17:42","modified_gmt":"2021-12-14T08:17:42","slug":"ueber-uns","status":"publish","type":"page","link":"https:\/\/blue-deco.de\/index.php\/ueber-uns\/","title":{"rendered":"\u00dcber uns"},"content":{"rendered":"<p>[et_pb_section fb_built=&#8220;1&#8243; _builder_version=&#8220;4.13.1&#8243; background_enable_color=&#8220;off&#8220; background_image=&#8220;https:\/\/blue-deco.de\/wp-content\/uploads\/2021\/12\/header.png&#8220; custom_margin=&#8220;||||false&#8220; custom_padding=&#8220;245px||245px||true|false&#8220; hover_enabled=&#8220;0&#8243; global_colors_info=&#8220;{}&#8220; title_text=&#8220;header&#8220; sticky_enabled=&#8220;0&#8243;][\/et_pb_section][et_pb_section fb_built=&#8220;1&#8243; _builder_version=&#8220;3.29.3&#8243; custom_padding=&#8220;54px||54px||true|false&#8220; global_colors_info=&#8220;{}&#8220;][et_pb_row _builder_version=&#8220;3.29.3&#8243; global_colors_info=&#8220;{}&#8220;][et_pb_column type=&#8220;4_4&#8243; _builder_version=&#8220;3.29.3&#8243; global_colors_info=&#8220;{}&#8220;][et_pb_text _builder_version=&#8220;3.29.3&#8243; text_font=&#8220;||||||||&#8220; header_font=&#8220;||||||||&#8220; header_2_font=&#8220;Rubik|700|||||||&#8220; header_2_font_size=&#8220;42px&#8220; header_2_line_height=&#8220;1.2em&#8220; header_3_font=&#8220;Montserrat|600||on|||||&#8220; header_3_text_color=&#8220;#2d2d2d&#8220; header_3_font_size=&#8220;42px&#8220; header_3_line_height=&#8220;1.2em&#8220; header_4_font=&#8220;Montserrat|600||on|||||&#8220; header_4_text_color=&#8220;#2d2d2d&#8220; header_4_font_size=&#8220;42px&#8220; header_4_line_height=&#8220;1.2em&#8220; text_orientation=&#8220;center&#8220; module_alignment=&#8220;center&#8220; custom_margin=&#8220;|||&#8220; custom_padding=&#8220;|||&#8220; animation_style=&#8220;slide&#8220; animation_direction=&#8220;top&#8220; header_2_font_size_tablet=&#8220;&#8220; header_2_font_size_phone=&#8220;36px&#8220; header_2_font_size_last_edited=&#8220;on|phone&#8220; header_3_font_size_tablet=&#8220;&#8220; header_3_font_size_phone=&#8220;36px&#8220; header_3_font_size_last_edited=&#8220;on|phone&#8220; header_4_font_size_tablet=&#8220;&#8220; header_4_font_size_phone=&#8220;36px&#8220; header_4_font_size_last_edited=&#8220;on|phone&#8220; locked=&#8220;off&#8220; global_colors_info=&#8220;{}&#8220;]<\/p>\n<h4>\u00dcBER UNS<\/h4>\n<p>[\/et_pb_text][et_pb_divider color=&#8220;#0000FF&#8220; divider_position=&#8220;center&#8220; divider_weight=&#8220;5px&#8220; _builder_version=&#8220;3.29.3&#8243; max_width=&#8220;50px&#8220; module_alignment=&#8220;center&#8220; min_height=&#8220;32px&#8220; custom_margin=&#8220;-38px||11px||false|false&#8220; global_colors_info=&#8220;{}&#8220;][\/et_pb_divider][et_pb_text _builder_version=&#8220;3.29.3&#8243; text_font=&#8220;Montserrat|300|||||||&#8220; text_text_color=&#8220;#2d2d2d&#8220; text_font_size=&#8220;18px&#8220; text_line_height=&#8220;1.4em&#8220; header_font=&#8220;||||||||&#8220; text_orientation=&#8220;center&#8220; custom_margin=&#8220;||42px&#8220; custom_padding=&#8220;|||&#8220; custom_padding_tablet=&#8220;|40px||40px||true&#8220; custom_padding_last_edited=&#8220;off|desktop&#8220; animation_style=&#8220;slide&#8220; global_colors_info=&#8220;{}&#8220;]<\/p>\n<p>blue-deco Werbetechnik wurde im Jahr 2003 von Peggy und Thomas Polcher gegr\u00fcndet. Im Laufe der Zeit wurde die Firma stetig vergr\u00f6\u00dfert und die Einsatzbereiche erweitert. Liebe und Leidenschaft zu unserer Arbeit bedeuten f\u00fcr uns verbindliche Verpflichtung zu Qualit\u00e4t und Gewissenhaftigkeit. Jeder Auftrag ist mit dem Anspruch verbunden etwas zu erschaffen, was nachhaltigen Bestand hat und den gr\u00f6\u00dftm\u00f6glichen Nutzen f\u00fcr unsere Kunden bietet.<\/p>\n<p>[\/et_pb_text][et_pb_button button_url=&#8220;https:\/\/blue-deco.de\/index.php\/kontakt\/&#8220; button_text=&#8220;ANFRAGE STELLEN&#8220; button_alignment=&#8220;center&#8220; _builder_version=&#8220;4.13.0&#8243; custom_button=&#8220;on&#8220; button_text_size=&#8220;14px&#8220; button_bg_color=&#8220;#0000FF&#8220; button_border_width=&#8220;12px&#8220; button_border_color=&#8220;#0000FF&#8220; button_border_radius=&#8220;0px&#8220; button_letter_spacing=&#8220;0px&#8220; button_font=&#8220;Rubik|700||on|||||&#8220; button_icon=&#8220;&#x24;||divi||400&#8243; background_layout=&#8220;dark&#8220; custom_margin=&#8220;|||&#8220; box_shadow_style=&#8220;preset3&#8243; box_shadow_blur=&#8220;30px&#8220; box_shadow_color=&#8220;rgba(0,0,0,0)&#8220; global_colors_info=&#8220;{}&#8220; button_text_size__hover_enabled=&#8220;off&#8220; button_one_text_size__hover_enabled=&#8220;off&#8220; button_two_text_size__hover_enabled=&#8220;off&#8220; button_text_color__hover_enabled=&#8220;off&#8220; button_one_text_color__hover_enabled=&#8220;off&#8220; button_two_text_color__hover_enabled=&#8220;off&#8220; button_border_width__hover_enabled=&#8220;off&#8220; button_one_border_width__hover_enabled=&#8220;off&#8220; button_two_border_width__hover_enabled=&#8220;off&#8220; button_border_color__hover_enabled=&#8220;off&#8220; button_one_border_color__hover_enabled=&#8220;off&#8220; button_two_border_color__hover_enabled=&#8220;off&#8220; button_border_radius__hover_enabled=&#8220;off&#8220; button_one_border_radius__hover_enabled=&#8220;off&#8220; button_two_border_radius__hover_enabled=&#8220;off&#8220; button_letter_spacing__hover_enabled=&#8220;off&#8220; button_one_letter_spacing__hover_enabled=&#8220;off&#8220; button_two_letter_spacing__hover_enabled=&#8220;off&#8220; button_bg_color__hover_enabled=&#8220;off&#8220; button_one_bg_color__hover_enabled=&#8220;off&#8220; button_two_bg_color__hover_enabled=&#8220;off&#8220; box_shadow_color__hover=&#8220;rgba(63,63,63,0.3)&#8220; box_shadow_color__hover_enabled=&#8220;on|desktop&#8220;][\/et_pb_button][\/et_pb_column][\/et_pb_row][\/et_pb_section][et_pb_section fb_built=&#8220;1&#8243; _builder_version=&#8220;4.0.6&#8243; background_enable_color=&#8220;off&#8220; background_enable_image=&#8220;off&#8220; background_enable_video_mp4=&#8220;off&#8220; background_video_width=&#8220;1750&#8243; background_video_height=&#8220;500&#8243; allow_player_pause=&#8220;on&#8220; custom_padding=&#8220;0px||0px||true|false&#8220; global_colors_info=&#8220;{}&#8220;][et_pb_row make_equal=&#8220;on&#8220; _builder_version=&#8220;3.29.3&#8243; width=&#8220;100%&#8220; max_width=&#8220;2560px&#8220; module_alignment=&#8220;center&#8220; custom_padding=&#8220;0px||0px|||&#8220; global_colors_info=&#8220;{}&#8220;][et_pb_column type=&#8220;4_4&#8243; _builder_version=&#8220;3.29.3&#8243; global_colors_info=&#8220;{}&#8220;][et_pb_video src=&#8220;https:\/\/blue-deco.de\/wp-content\/uploads\/2019\/11\/fakten_animation_kurz.mp4&#8243; image_src=&#8220;https:\/\/blue-deco.de\/wp-content\/uploads\/2019\/11\/Infografik2.png&#8220; play_icon_color=&#8220;#0000FF&#8220; use_icon_font_size=&#8220;on&#8220; thumbnail_overlay_color=&#8220;rgba(0,0,0,0.43)&#8220; _builder_version=&#8220;4.0.6&#8243; box_shadow_style=&#8220;preset1&#8243; box_shadow_blur=&#8220;34px&#8220; box_shadow_spread=&#8220;-15px&#8220; global_colors_info=&#8220;{}&#8220;][\/et_pb_video][\/et_pb_column][\/et_pb_row][\/et_pb_section][et_pb_section fb_built=&#8220;1&#8243; theme_builder_area=&#8220;post_content&#8220; _builder_version=&#8220;4.13.1&#8243; _module_preset=&#8220;default&#8220;][\/et_pb_section]<\/p>\n","protected":false},"excerpt":{"rendered":"<p>\u00dcBER UNSblue-deco Werbetechnik wurde im Jahr 2003 von Peggy und Thomas Polcher gegr\u00fcndet. Im Laufe der Zeit wurde die Firma stetig vergr\u00f6\u00dfert und die Einsatzbereiche erweitert. Liebe und Leidenschaft zu unserer Arbeit bedeuten f\u00fcr uns verbindliche Verpflichtung zu Qualit\u00e4t und Gewissenhaftigkeit. Jeder Auftrag ist mit dem Anspruch verbunden etwas zu erschaffen, was nachhaltigen Bestand hat [&hellip;]<\/p>\n","protected":false},"author":1,"featured_media":0,"parent":0,"menu_order":0,"comment_status":"closed","ping_status":"closed","template":"","meta":{"_et_pb_use_builder":"on","_et_pb_old_content":"<!-- wp:divi\/placeholder \/-->","_et_gb_content_width":""},"yoast_head":"<!-- This site is optimized with the Yoast SEO plugin v17.6 - https:\/\/yoast.com\/wordpress\/plugins\/seo\/ -->\n<title>\u00dcber uns | blue-deco Werbetechnik GmbH<\/title>\n<meta name=\"description\" content=\"blue-deco Werbetechnik wurde im Jahr 2003 von Peggy und Thomas Polcher gegr\u00fcndet. Im Laufe der Zeit wurde die Firma stetig vergr\u00f6\u00dfert und die Einsatzbereiche erweitert.\" \/>\n<meta name=\"robots\" content=\"index, follow, max-snippet:-1, max-image-preview:large, max-video-preview:-1\" \/>\n<link rel=\"canonical\" href=\"https:\/\/blue-deco.de\/index.php\/ueber-uns\/\" \/>\n<meta property=\"og:locale\" content=\"de_DE\" \/>\n<meta property=\"og:type\" content=\"article\" \/>\n<meta property=\"og:title\" content=\"\u00dcber uns | blue-deco Werbetechnik GmbH\" \/>\n<meta property=\"og:description\" content=\"blue-deco Werbetechnik wurde im Jahr 2003 von Peggy und Thomas Polcher gegr\u00fcndet. Im Laufe der Zeit wurde die Firma stetig vergr\u00f6\u00dfert und die Einsatzbereiche erweitert.\" \/>\n<meta property=\"og:url\" content=\"https:\/\/blue-deco.de\/index.php\/ueber-uns\/\" \/>\n<meta property=\"og:site_name\" content=\"blue-deco Werbetechnik GmbH\" \/>\n<meta property=\"article:publisher\" content=\"https:\/\/www.facebook.com\/bluedeco.werbetechnik\" \/>\n<meta property=\"article:modified_time\" content=\"2021-12-14T08:17:42+00:00\" \/>\n<meta name=\"twitter:card\" content=\"summary_large_image\" \/>\n<meta name=\"twitter:label1\" content=\"Gesch\u00e4tzte Lesezeit\" \/>\n\t<meta name=\"twitter:data1\" content=\"4\u00a0Minuten\" \/>\n<script type=\"application\/ld+json\" class=\"yoast-schema-graph\">{\"@context\":\"https:\/\/schema.org\",\"@graph\":[{\"@type\":\"WebSite\",\"@id\":\"https:\/\/blue-deco.de\/#website\",\"url\":\"https:\/\/blue-deco.de\/\",\"name\":\"blue-deco Werbetechnik GmbH\",\"description\":\"Ihr Partner f\\u00fcr Werbetechnik &amp; Gro\\u00dfbildkommunikation mit Sitz in Schwerte\",\"potentialAction\":[{\"@type\":\"SearchAction\",\"target\":{\"@type\":\"EntryPoint\",\"urlTemplate\":\"https:\/\/blue-deco.de\/?s={search_term_string}\"},\"query-input\":\"required name=search_term_string\"}],\"inLanguage\":\"de\"},{\"@type\":\"WebPage\",\"@id\":\"https:\/\/blue-deco.de\/index.php\/ueber-uns\/#webpage\",\"url\":\"https:\/\/blue-deco.de\/index.php\/ueber-uns\/\",\"name\":\"\\u00dcber uns | blue-deco Werbetechnik GmbH\",\"isPartOf\":{\"@id\":\"https:\/\/blue-deco.de\/#website\"},\"datePublished\":\"2019-11-12T07:10:21+00:00\",\"dateModified\":\"2021-12-14T08:17:42+00:00\",\"description\":\"blue-deco Werbetechnik wurde im Jahr 2003 von Peggy und Thomas Polcher gegr\\u00fcndet. Im Laufe der Zeit wurde die Firma stetig vergr\\u00f6\\u00dfert und die Einsatzbereiche erweitert.\",\"breadcrumb\":{\"@id\":\"https:\/\/blue-deco.de\/index.php\/ueber-uns\/#breadcrumb\"},\"inLanguage\":\"de\",\"potentialAction\":[{\"@type\":\"ReadAction\",\"target\":[\"https:\/\/blue-deco.de\/index.php\/ueber-uns\/\"]}]},{\"@type\":\"BreadcrumbList\",\"@id\":\"https:\/\/blue-deco.de\/index.php\/ueber-uns\/#breadcrumb\",\"itemListElement\":[{\"@type\":\"ListItem\",\"position\":1,\"name\":\"Startseite\",\"item\":\"https:\/\/blue-deco.de\/\"},{\"@type\":\"ListItem\",\"position\":2,\"name\":\"\\u00dcber uns\"}]}]}<\/script>\n<!-- \/ Yoast SEO plugin. -->","yoast_head_json":{"title":"\u00dcber uns | blue-deco Werbetechnik GmbH","description":"blue-deco Werbetechnik wurde im Jahr 2003 von Peggy und Thomas Polcher gegr\u00fcndet. Im Laufe der Zeit wurde die Firma stetig vergr\u00f6\u00dfert und die Einsatzbereiche erweitert.","robots":{"index":"index","follow":"follow","max-snippet":"max-snippet:-1","max-image-preview":"max-image-preview:large","max-video-preview":"max-video-preview:-1"},"canonical":"https:\/\/blue-deco.de\/index.php\/ueber-uns\/","og_locale":"de_DE","og_type":"article","og_title":"\u00dcber uns | blue-deco Werbetechnik GmbH","og_description":"blue-deco Werbetechnik wurde im Jahr 2003 von Peggy und Thomas Polcher gegr\u00fcndet. Im Laufe der Zeit wurde die Firma stetig vergr\u00f6\u00dfert und die Einsatzbereiche erweitert.","og_url":"https:\/\/blue-deco.de\/index.php\/ueber-uns\/","og_site_name":"blue-deco Werbetechnik GmbH","article_publisher":"https:\/\/www.facebook.com\/bluedeco.werbetechnik","article_modified_time":"2021-12-14T08:17:42+00:00","twitter_card":"summary_large_image","twitter_misc":{"Gesch\u00e4tzte Lesezeit":"4\u00a0Minuten"},"schema":{"@context":"https:\/\/schema.org","@graph":[{"@type":"WebSite","@id":"https:\/\/blue-deco.de\/#website","url":"https:\/\/blue-deco.de\/","name":"blue-deco Werbetechnik GmbH","description":"Ihr Partner f\u00fcr Werbetechnik &amp; Gro\u00dfbildkommunikation mit Sitz in Schwerte","potentialAction":[{"@type":"SearchAction","target":{"@type":"EntryPoint","urlTemplate":"https:\/\/blue-deco.de\/?s={search_term_string}"},"query-input":"required name=search_term_string"}],"inLanguage":"de"},{"@type":"WebPage","@id":"https:\/\/blue-deco.de\/index.php\/ueber-uns\/#webpage","url":"https:\/\/blue-deco.de\/index.php\/ueber-uns\/","name":"\u00dcber uns | blue-deco Werbetechnik GmbH","isPartOf":{"@id":"https:\/\/blue-deco.de\/#website"},"datePublished":"2019-11-12T07:10:21+00:00","dateModified":"2021-12-14T08:17:42+00:00","description":"blue-deco Werbetechnik wurde im Jahr 2003 von Peggy und Thomas Polcher gegr\u00fcndet. Im Laufe der Zeit wurde die Firma stetig vergr\u00f6\u00dfert und die Einsatzbereiche erweitert.","breadcrumb":{"@id":"https:\/\/blue-deco.de\/index.php\/ueber-uns\/#breadcrumb"},"inLanguage":"de","potentialAction":[{"@type":"ReadAction","target":["https:\/\/blue-deco.de\/index.php\/ueber-uns\/"]}]},{"@type":"BreadcrumbList","@id":"https:\/\/blue-deco.de\/index.php\/ueber-uns\/#breadcrumb","itemListElement":[{"@type":"ListItem","position":1,"name":"Startseite","item":"https:\/\/blue-deco.de\/"},{"@type":"ListItem","position":2,"name":"\u00dcber uns"}]}]}},"_links":{"self":[{"href":"https:\/\/blue-deco.de\/index.php\/wp-json\/wp\/v2\/pages\/240740"}],"collection":[{"href":"https:\/\/blue-deco.de\/index.php\/wp-json\/wp\/v2\/pages"}],"about":[{"href":"https:\/\/blue-deco.de\/index.php\/wp-json\/wp\/v2\/types\/page"}],"author":[{"embeddable":true,"href":"https:\/\/blue-deco.de\/index.php\/wp-json\/wp\/v2\/users\/1"}],"replies":[{"embeddable":true,"href":"https:\/\/blue-deco.de\/index.php\/wp-json\/wp\/v2\/comments?post=240740"}],"version-history":[{"count":8,"href":"https:\/\/blue-deco.de\/index.php\/wp-json\/wp\/v2\/pages\/240740\/revisions"}],"predecessor-version":[{"id":240971,"href":"https:\/\/blue-deco.de\/index.php\/wp-json\/wp\/v2\/pages\/240740\/revisions\/240971"}],"wp:attachment":[{"href":"https:\/\/blue-deco.de\/index.php\/wp-json\/wp\/v2\/media?parent=240740"}],"curies":[{"name":"wp","href":"https:\/\/api.w.org\/{rel}","templated":true}]}}