{"id":240730,"date":"2019-11-12T08:09:02","date_gmt":"2019-11-12T07:09:02","guid":{"rendered":"https:\/\/blue-deco.de\/?page_id=240730"},"modified":"2021-12-14T11:12:54","modified_gmt":"2021-12-14T10:12:54","slug":"kontakt","status":"publish","type":"page","link":"https:\/\/blue-deco.de\/index.php\/kontakt\/","title":{"rendered":"Kontakt"},"content":{"rendered":"<p>[et_pb_section fb_built=&#8220;1&#8243; _builder_version=&#8220;4.0.2&#8243; background_enable_color=&#8220;off&#8220; background_image=&#8220;https:\/\/blue-deco.de\/wp-content\/uploads\/2019\/11\/AdobeStock_177596691_2.png&#8220; custom_margin=&#8220;||||false&#8220; custom_padding=&#8220;245px||245px||true|false&#8220; global_colors_info=&#8220;{}&#8220;][\/et_pb_section][et_pb_section fb_built=&#8220;1&#8243; _builder_version=&#8220;3.29.3&#8243; custom_padding=&#8220;54px||54px||true|false&#8220; global_colors_info=&#8220;{}&#8220;][et_pb_row _builder_version=&#8220;3.29.3&#8243; global_colors_info=&#8220;{}&#8220;][et_pb_column type=&#8220;4_4&#8243; _builder_version=&#8220;3.29.3&#8243; global_colors_info=&#8220;{}&#8220;][et_pb_text _builder_version=&#8220;3.29.3&#8243; text_font=&#8220;||||||||&#8220; header_font=&#8220;||||||||&#8220; header_2_font=&#8220;Rubik|700|||||||&#8220; header_2_font_size=&#8220;42px&#8220; header_2_line_height=&#8220;1.2em&#8220; header_3_font=&#8220;Montserrat|600||on|||||&#8220; header_3_text_color=&#8220;#2d2d2d&#8220; header_3_font_size=&#8220;42px&#8220; header_3_line_height=&#8220;1.2em&#8220; header_4_font=&#8220;Montserrat|600||on|||||&#8220; header_4_text_color=&#8220;#2d2d2d&#8220; header_4_font_size=&#8220;42px&#8220; header_4_line_height=&#8220;1.2em&#8220; text_orientation=&#8220;center&#8220; module_alignment=&#8220;center&#8220; custom_margin=&#8220;|||&#8220; custom_padding=&#8220;|||&#8220; animation_style=&#8220;slide&#8220; animation_direction=&#8220;top&#8220; header_2_font_size_tablet=&#8220;&#8220; header_2_font_size_phone=&#8220;36px&#8220; header_2_font_size_last_edited=&#8220;on|phone&#8220; header_3_font_size_tablet=&#8220;&#8220; header_3_font_size_phone=&#8220;36px&#8220; header_3_font_size_last_edited=&#8220;on|phone&#8220; header_4_font_size_tablet=&#8220;&#8220; header_4_font_size_phone=&#8220;36px&#8220; header_4_font_size_last_edited=&#8220;on|phone&#8220; locked=&#8220;off&#8220; global_colors_info=&#8220;{}&#8220;]<\/p>\n<h4>Kontakt<\/h4>\n<p>[\/et_pb_text][et_pb_divider color=&#8220;#0000FF&#8220; divider_position=&#8220;center&#8220; divider_weight=&#8220;5px&#8220; _builder_version=&#8220;3.29.3&#8243; max_width=&#8220;50px&#8220; module_alignment=&#8220;center&#8220; min_height=&#8220;32px&#8220; custom_margin=&#8220;-38px||11px||false|false&#8220; global_colors_info=&#8220;{}&#8220;][\/et_pb_divider][et_pb_text _builder_version=&#8220;4.0.6&#8243; text_font=&#8220;Montserrat|300|||||||&#8220; text_text_color=&#8220;#2d2d2d&#8220; text_font_size=&#8220;18px&#8220; text_line_height=&#8220;1.4em&#8220; header_font=&#8220;||||||||&#8220; text_orientation=&#8220;center&#8220; custom_margin=&#8220;||42px&#8220; custom_padding=&#8220;|||&#8220; custom_padding_tablet=&#8220;|40px||40px||true&#8220; custom_padding_last_edited=&#8220;off|desktop&#8220; animation_style=&#8220;slide&#8220; global_colors_info=&#8220;{}&#8220;]<\/p>\n<p>Rufen Sie uns an oder schicken Sie uns eine E-Mail.<\/p>\n<p>Nat\u00fcrlich k\u00f6nnen Sie uns auch gern Ihre Anfrage \u00fcber das folgende Formular \u00fcbermitteln.<\/p>\n<p>Wenn Sie ein Angebot w\u00fcnschen, teilen Sie uns bitte Ihre kompletten Kontaktdaten mit.<\/p>\n<p>[\/et_pb_text][\/et_pb_column][\/et_pb_row][et_pb_row column_structure=&#8220;1_3,2_3&#8243; use_custom_gutter=&#8220;on&#8220; gutter_width=&#8220;2&#8243; make_equal=&#8220;on&#8220; _builder_version=&#8220;3.29.3&#8243; background_enable_color=&#8220;off&#8220; background_size=&#8220;initial&#8220; background_position=&#8220;top_left&#8220; background_repeat=&#8220;repeat&#8220; min_height=&#8220;528px&#8220; custom_margin=&#8220;||||false|false&#8220; custom_padding=&#8220;0px||0px||true|true&#8220; global_colors_info=&#8220;{}&#8220;][et_pb_column type=&#8220;1_3&#8243; _builder_version=&#8220;3.29.3&#8243; background_color=&#8220;#ffffff&#8220; background_position=&#8220;top_left&#8220; custom_padding=&#8220;50px|40px|50px|40px&#8220; global_colors_info=&#8220;{}&#8220; custom_padding__hover=&#8220;|||&#8220;][et_pb_text admin_label=&#8220;Contact US Title&#8220; _builder_version=&#8220;3.29.3&#8243; text_font=&#8220;Arial||||||||&#8220; text_font_size=&#8220;16px&#8220; header_font=&#8220;Arial|800|||||||&#8220; header_text_color=&#8220;#1f1f1f&#8220; header_font_size=&#8220;22px&#8220; header_6_font=&#8220;Montserrat|600|||||||&#8220; header_6_text_color=&#8220;#2d2d2d&#8220; header_6_font_size=&#8220;24px&#8220; header_6_line_height=&#8220;1.2em&#8220; custom_padding=&#8220;0px|0px|0px|0px&#8220; animation_style=&#8220;fold&#8220; animation_direction=&#8220;bottom&#8220; animation_intensity_fold=&#8220;20%&#8220; global_colors_info=&#8220;{}&#8220;]<\/p>\n<h6>KONTAKT<\/h6>\n<p>[\/et_pb_text][et_pb_text admin_label=&#8220;Contact US Text&#8220; _builder_version=&#8220;3.29.3&#8243; text_font=&#8220;Montserrat|300|||||||&#8220; text_font_size=&#8220;26px&#8220; text_line_height=&#8220;1.2em&#8220; header_font=&#8220;||||&#8220; header_text_color=&#8220;#1f1f1f&#8220; custom_margin=&#8220;20px||40px|&#8220; custom_padding=&#8220;0px|0px|0px|0px&#8220; animation_style=&#8220;fold&#8220; animation_direction=&#8220;bottom&#8220; animation_intensity_fold=&#8220;20%&#8220; global_colors_info=&#8220;{}&#8220;]<\/p>\n<p><img loading=\"lazy\" src=\"https:\/\/blue-deco.de\/wp-content\/uploads\/2019\/11\/bd_logo_blau-300x65.png\" alt=\"\" class=\"wp-image-238740 alignnone size-medium\" width=\"185\" height=\"40\" \/><\/p>\n<p>[\/et_pb_text][et_pb_blurb use_icon=&#8220;on&#8220; font_icon=&#8220;&#xe081;||divi||400&#8243; icon_color=&#8220;#0000FF&#8220; icon_placement=&#8220;left&#8220; image_icon_width=&#8220;28px&#8220; image_icon_width_last_edited=&#8220;off|desktop&#8220; _builder_version=&#8220;4.13.1&#8243; body_font=&#8220;Montserrat||||||||&#8220; body_font_size=&#8220;18px&#8220; custom_margin=&#8220;||30px||false|false&#8220; animation_style=&#8220;fold&#8220; animation_direction=&#8220;bottom&#8220; animation_intensity_fold=&#8220;20%&#8220; icon_font_size=&#8220;28px&#8220; icon_font_size_last_edited=&#8220;off|desktop&#8220; global_colors_info=&#8220;{}&#8220;]<\/p>\n<p>Emil-Rohrmann-Str. 2<br \/>58239 Schwerte<\/p>\n<p>[\/et_pb_blurb][et_pb_blurb use_icon=&#8220;on&#8220; font_icon=&#8220;&#xe090;||divi||400&#8243; icon_color=&#8220;#0000FF&#8220; icon_placement=&#8220;left&#8220; image_icon_width=&#8220;28px&#8220; image_icon_width_last_edited=&#8220;off|desktop&#8220; _builder_version=&#8220;4.13.1&#8243; body_font=&#8220;Montserrat||||||||&#8220; body_font_size=&#8220;18px&#8220; custom_margin=&#8220;||30px||false|false&#8220; animation_style=&#8220;fold&#8220; animation_direction=&#8220;bottom&#8220; animation_intensity_fold=&#8220;20%&#8220; hover_enabled=&#8220;0&#8243; icon_font_size=&#8220;28px&#8220; icon_font_size_last_edited=&#8220;off|desktop&#8220; global_colors_info=&#8220;{}&#8220; sticky_enabled=&#8220;0&#8243;]<\/p>\n<p>+49 2304 &#8211; 97 77 &#8211; 0<\/p>\n<p>[\/et_pb_blurb][et_pb_blurb use_icon=&#8220;on&#8220; font_icon=&#8220;&#xe076;||divi||400&#8243; icon_color=&#8220;#0000FF&#8220; icon_placement=&#8220;left&#8220; image_icon_width=&#8220;28px&#8220; image_icon_width_last_edited=&#8220;off|desktop&#8220; admin_label=&#8220;Email&#8220; _builder_version=&#8220;4.13.0&#8243; body_font=&#8220;Montserrat||||||||&#8220; body_font_size=&#8220;18px&#8220; custom_margin=&#8220;|||&#8220; animation_style=&#8220;fold&#8220; animation_direction=&#8220;bottom&#8220; animation_intensity_fold=&#8220;20%&#8220; icon_font_size=&#8220;28px&#8220; icon_font_size_last_edited=&#8220;off|desktop&#8220; global_colors_info=&#8220;{}&#8220;]<\/p>\n<p>info@blue-deco.de<\/p>\n<p>[\/et_pb_blurb][et_pb_social_media_follow use_icon_font_size=&#8220;on&#8220; icon_font_size=&#8220;24px&#8220; admin_label=&#8220;Facebook&#8220; _builder_version=&#8220;4.0.6&#8243; text_orientation=&#8220;center&#8220; max_width=&#8220;100%&#8220; custom_margin=&#8220;64px||||false|false&#8220; border_radii=&#8220;on|100%|100%|100%|100%&#8220; link_shape=&#8220;circle&#8220; global_colors_info=&#8220;{}&#8220;][et_pb_social_media_follow_network social_network=&#8220;facebook&#8220; url=&#8220;https:\/\/www.facebook.com\/bluedeco.werbetechnik&#8220; _builder_version=&#8220;4.0.6&#8243; background_color=&#8220;#0000FF&#8220; background_enable_color=&#8220;on&#8220; custom_margin=&#8220;|10px||&#8220; bg_color=&#8220;#3b5998&#8243; global_colors_info=&#8220;{}&#8220; follow_button=&#8220;off&#8220; url_new_window=&#8220;on&#8220;]facebook[\/et_pb_social_media_follow_network][\/et_pb_social_media_follow][\/et_pb_column][et_pb_column type=&#8220;2_3&#8243; _builder_version=&#8220;3.29.3&#8243; background_color=&#8220;#ffffff&#8220; background_position=&#8220;top_left&#8220; custom_padding=&#8220;50px|40px|50px|40px&#8220; global_colors_info=&#8220;{}&#8220; custom_padding__hover=&#8220;|||&#8220;][et_pb_contact_form captcha=&#8220;off&#8220; email=&#8220;info@blue-deco.de&#8220; title=&#8220;Ihre Nachricht an uns&#8220; success_message=&#8220;Vielen Dank f\u00fcr Ihre Kontaktaufnahme.&#8220; submit_button_text=&#8220;Nachricht absenden&#8220; module_id=&#8220;et_pb_contact_form_1&#8243; _builder_version=&#8220;4.13.1&#8243; _unique_id=&#8220;2076084d-15a3-4d81-b36a-482f3e776dcf&#8220; form_field_background_color=&#8220;rgba(255,255,255,0)&#8220; form_field_text_color=&#8220;#777777&#8243; title_level=&#8220;h5&#8243; title_font=&#8220;Montserrat|600||on|||||&#8220; title_text_color=&#8220;#2d2d2d&#8220; title_font_size=&#8220;28px&#8220; title_line_height=&#8220;1.3em&#8220; form_field_font=&#8220;Montserrat|300|||||||&#8220; form_field_font_size=&#8220;15px&#8220; form_field_line_height=&#8220;1.3em&#8220; custom_button=&#8220;on&#8220; button_text_size=&#8220;14px&#8220; button_text_color=&#8220;#ffffff&#8220; button_bg_color=&#8220;#0000FF&#8220; button_border_width=&#8220;12px&#8220; button_border_color=&#8220;#0000FF&#8220; button_border_radius=&#8220;0px&#8220; button_letter_spacing=&#8220;0px&#8220; button_font=&#8220;Rubik|700||on|||||&#8220; button_icon=&#8220;&#x24;||divi||400&#8243; animation_direction=&#8220;bottom&#8220; border_width_all=&#8220;1px&#8220; border_color_all=&#8220;rgba(0,0,0,0.12)&#8220; border_style_all=&#8220;solid&#8220; box_shadow_style_button=&#8220;preset3&#8243; box_shadow_blur_button=&#8220;31px&#8220; box_shadow_color_button=&#8220;rgba(0,0,0,0)&#8220; use_border_color=&#8220;on&#8220; border_color=&#8220;rgba(0,0,0,0.12)&#8220; form_background_color=&#8220;rgba(255,255,255,0)&#8220; global_colors_info=&#8220;{}&#8220; button_text_size__hover_enabled=&#8220;off&#8220; button_text_color__hover_enabled=&#8220;off&#8220; button_bg_color__hover_enabled=&#8220;off&#8220; button_border_width__hover_enabled=&#8220;off&#8220; button_border_color__hover_enabled=&#8220;off&#8220; button_border_radius__hover_enabled=&#8220;off&#8220; button_letter_spacing__hover_enabled=&#8220;off&#8220; box_shadow_color_button__hover_enabled=&#8220;on|hover&#8220; box_shadow_color_button__hover=&#8220;rgba(0,0,0,0.3)&#8220; button_text_color_hover=&#8220;#6eba01&#8243; button_bg_color_hover=&#8220;rgba(0,0,0,0)&#8220; button_border_color_hover=&#8220;#6eba01&#8243; button_border_radius_hover=&#8220;0px&#8220; button_letter_spacing_hover=&#8220;2px&#8220;][et_pb_contact_field field_id=&#8220;Name&#8220; field_title=&#8220;Name&#8220; required_mark=&#8220;off&#8220; fullwidth_field=&#8220;on&#8220; _builder_version=&#8220;4.0.6&#8243; global_colors_info=&#8220;{}&#8220; button_text_size__hover_enabled=&#8220;off&#8220; button_one_text_size__hover_enabled=&#8220;off&#8220; button_two_text_size__hover_enabled=&#8220;off&#8220; button_text_color__hover_enabled=&#8220;off&#8220; button_one_text_color__hover_enabled=&#8220;off&#8220; button_two_text_color__hover_enabled=&#8220;off&#8220; button_border_width__hover_enabled=&#8220;off&#8220; button_one_border_width__hover_enabled=&#8220;off&#8220; button_two_border_width__hover_enabled=&#8220;off&#8220; button_border_color__hover_enabled=&#8220;off&#8220; button_one_border_color__hover_enabled=&#8220;off&#8220; button_two_border_color__hover_enabled=&#8220;off&#8220; button_border_radius__hover_enabled=&#8220;off&#8220; button_one_border_radius__hover_enabled=&#8220;off&#8220; button_two_border_radius__hover_enabled=&#8220;off&#8220; button_letter_spacing__hover_enabled=&#8220;off&#8220; button_one_letter_spacing__hover_enabled=&#8220;off&#8220; button_two_letter_spacing__hover_enabled=&#8220;off&#8220; button_bg_color__hover_enabled=&#8220;off&#8220; button_one_bg_color__hover_enabled=&#8220;off&#8220; button_two_bg_color__hover_enabled=&#8220;off&#8220;][\/et_pb_contact_field][et_pb_contact_field field_id=&#8220;E-Mail&#8220; field_title=&#8220;E-Mail&#8220; field_type=&#8220;email&#8220; fullwidth_field=&#8220;on&#8220; _builder_version=&#8220;4.0.6&#8243; global_colors_info=&#8220;{}&#8220; button_text_size__hover_enabled=&#8220;off&#8220; button_one_text_size__hover_enabled=&#8220;off&#8220; button_two_text_size__hover_enabled=&#8220;off&#8220; button_text_color__hover_enabled=&#8220;off&#8220; button_one_text_color__hover_enabled=&#8220;off&#8220; button_two_text_color__hover_enabled=&#8220;off&#8220; button_border_width__hover_enabled=&#8220;off&#8220; button_one_border_width__hover_enabled=&#8220;off&#8220; button_two_border_width__hover_enabled=&#8220;off&#8220; button_border_color__hover_enabled=&#8220;off&#8220; button_one_border_color__hover_enabled=&#8220;off&#8220; button_two_border_color__hover_enabled=&#8220;off&#8220; button_border_radius__hover_enabled=&#8220;off&#8220; button_one_border_radius__hover_enabled=&#8220;off&#8220; button_two_border_radius__hover_enabled=&#8220;off&#8220; button_letter_spacing__hover_enabled=&#8220;off&#8220; button_one_letter_spacing__hover_enabled=&#8220;off&#8220; button_two_letter_spacing__hover_enabled=&#8220;off&#8220; button_bg_color__hover_enabled=&#8220;off&#8220; button_one_bg_color__hover_enabled=&#8220;off&#8220; button_two_bg_color__hover_enabled=&#8220;off&#8220;][\/et_pb_contact_field][et_pb_contact_field field_id=&#8220;Nachricht&#8220; field_title=&#8220;Nachricht&#8220; field_type=&#8220;text&#8220; required_mark=&#8220;off&#8220; fullwidth_field=&#8220;on&#8220; _builder_version=&#8220;4.0.6&#8243; global_colors_info=&#8220;{}&#8220; button_text_size__hover_enabled=&#8220;off&#8220; button_one_text_size__hover_enabled=&#8220;off&#8220; button_two_text_size__hover_enabled=&#8220;off&#8220; button_text_color__hover_enabled=&#8220;off&#8220; button_one_text_color__hover_enabled=&#8220;off&#8220; button_two_text_color__hover_enabled=&#8220;off&#8220; button_border_width__hover_enabled=&#8220;off&#8220; button_one_border_width__hover_enabled=&#8220;off&#8220; button_two_border_width__hover_enabled=&#8220;off&#8220; button_border_color__hover_enabled=&#8220;off&#8220; button_one_border_color__hover_enabled=&#8220;off&#8220; button_two_border_color__hover_enabled=&#8220;off&#8220; button_border_radius__hover_enabled=&#8220;off&#8220; button_one_border_radius__hover_enabled=&#8220;off&#8220; button_two_border_radius__hover_enabled=&#8220;off&#8220; button_letter_spacing__hover_enabled=&#8220;off&#8220; button_one_letter_spacing__hover_enabled=&#8220;off&#8220; button_two_letter_spacing__hover_enabled=&#8220;off&#8220; button_bg_color__hover_enabled=&#8220;off&#8220; button_one_bg_color__hover_enabled=&#8220;off&#8220; button_two_bg_color__hover_enabled=&#8220;off&#8220;][\/et_pb_contact_field][et_pb_contact_field field_id=&#8220;Einwilligungserkl\u00e4rung&#8220; field_title=&#8220;Einwilligungserkl\u00e4rung &#8220; field_type=&#8220;checkbox&#8220; checkbox_options=&#8220;%91{%22value%22:%22Ich habe die Datenschutzerkl\u00e4rung zur Kenntnis genommen. Ich stimme zu, dass meine Angaben und Daten zur Beantwortung meiner Anfrage elektronisch erhoben und gespeichert werden. Hinweis: Sie k\u00f6nnen Ihre Einwilligung jederzeit f\u00fcr die Zukunft per E-Mail an info@blue-deco.de widerrufen. %22,%22checked%22:0,%22dragID%22:-1,%22link_url%22:%22https:\/\/blue-deco.de\/index.php\/datenschutz\/%22,%22link_text%22:%22Zur Datenschutzerkl\u00e4rung%22}%93&#8243; fullwidth_field=&#8220;on&#8220; _builder_version=&#8220;4.0.6&#8243; global_colors_info=&#8220;{}&#8220;][\/et_pb_contact_field][\/et_pb_contact_form][\/et_pb_column][\/et_pb_row][\/et_pb_section][et_pb_section fb_built=&#8220;1&#8243; _builder_version=&#8220;3.29.3&#8243; custom_padding=&#8220;0px||0px||true|&#8220; global_colors_info=&#8220;{}&#8220;][et_pb_row use_custom_gutter=&#8220;on&#8220; gutter_width=&#8220;1&#8243; make_equal=&#8220;on&#8220; _builder_version=&#8220;3.29.3&#8243; width=&#8220;100%&#8220; max_width=&#8220;2560px&#8220; module_alignment=&#8220;center&#8220; custom_padding=&#8220;0px||0px||true|&#8220; global_colors_info=&#8220;{}&#8220;][et_pb_column type=&#8220;4_4&#8243; _builder_version=&#8220;3.29.3&#8243; global_colors_info=&#8220;{}&#8220;][dsm_embed_google_map address=&#8220;BLUE-DECO WERBETECHNIK GMBH ALFRED-KLANKE-STR. 4, 58239 SCHWERTE&#8220; zoom=&#8220;17px&#8220; _builder_version=&#8220;3.29.3&#8243; height=&#8220;450px&#8220; global_colors_info=&#8220;{}&#8220;][\/dsm_embed_google_map][\/et_pb_column][\/et_pb_row][\/et_pb_section]<\/p>\n","protected":false},"excerpt":{"rendered":"<p>KontaktRufen Sie uns an oder schicken Sie uns eine E-Mail. Nat\u00fcrlich k\u00f6nnen Sie uns auch gern Ihre Anfrage \u00fcber das folgende Formular \u00fcbermitteln. Wenn Sie ein Angebot w\u00fcnschen, teilen Sie uns bitte Ihre kompletten Kontaktdaten mit.KONTAKTEmil-Rohrmann-Str. 258239 Schwerte+49 2304 &#8211; 97 77 &#8211; 0info@blue-deco.de<div class=\"et_pb_module dsm_embed_google_map dsm_embed_google_map_0\">\n\t\t\t\t\n\t\t\t\t\n\t\t\t\t\n\t\t\t\t\n\t\t\t\t\n\t\t\t\t\n\t\t\t\t<div class=\"et_pb_module_inner\">\n\t\t\t\t\t<iframe frameborder=\"0\" scrolling=\"no\" marginheight=\"0\" marginwidth=\"0\" src=\"https:\/\/maps.google.com\/maps?q=BLUE-DECO%20WERBETECHNIK%20GMBH%20ALFRED-KLANKE-STR.%204%2C%2058239%20SCHWERTE&amp;t=m&amp;z=17&amp;output=embed&amp;iwloc=near&hl=de_DE\" aria-label=\"BLUE-DECO WERBETECHNIK GMBH ALFRED-KLANKE-STR. 4, 58239 SCHWERTE\"><\/iframe>\n\t\t\t\t<\/div>\n\t\t\t<\/div><\/p>\n","protected":false},"author":1,"featured_media":0,"parent":0,"menu_order":0,"comment_status":"closed","ping_status":"closed","template":"","meta":{"_et_pb_use_builder":"on","_et_pb_old_content":"<!-- wp:divi\/placeholder \/-->","_et_gb_content_width":""},"yoast_head":"<!-- This site is optimized with the Yoast SEO plugin v17.6 - https:\/\/yoast.com\/wordpress\/plugins\/seo\/ -->\n<title>Kontakt | blue-deco Werbetechnik GmbH<\/title>\n<meta name=\"description\" content=\"Rufen Sie uns an oder schicken Sie uns eine E-Mail. Nat\u00fcrlich k\u00f6nnen Sie uns auch gern Ihre Anfrage \u00fcber das folgende Formular \u00fcbermitteln.\" \/>\n<meta name=\"robots\" content=\"index, follow, max-snippet:-1, max-image-preview:large, max-video-preview:-1\" \/>\n<link rel=\"canonical\" href=\"https:\/\/blue-deco.de\/index.php\/kontakt\/\" \/>\n<meta property=\"og:locale\" content=\"de_DE\" \/>\n<meta property=\"og:type\" content=\"article\" \/>\n<meta property=\"og:title\" content=\"Kontakt | blue-deco Werbetechnik GmbH\" \/>\n<meta property=\"og:description\" content=\"Rufen Sie uns an oder schicken Sie uns eine E-Mail. Nat\u00fcrlich k\u00f6nnen Sie uns auch gern Ihre Anfrage \u00fcber das folgende Formular \u00fcbermitteln.\" \/>\n<meta property=\"og:url\" content=\"https:\/\/blue-deco.de\/index.php\/kontakt\/\" \/>\n<meta property=\"og:site_name\" content=\"blue-deco Werbetechnik GmbH\" \/>\n<meta property=\"article:publisher\" content=\"https:\/\/www.facebook.com\/bluedeco.werbetechnik\" \/>\n<meta property=\"article:modified_time\" content=\"2021-12-14T10:12:54+00:00\" \/>\n<meta property=\"og:image\" content=\"https:\/\/blue-deco.de\/wp-content\/uploads\/2019\/11\/bd_logo_blau-300x65.png\" \/>\n<meta name=\"twitter:card\" content=\"summary_large_image\" \/>\n<meta name=\"twitter:label1\" content=\"Gesch\u00e4tzte Lesezeit\" \/>\n\t<meta name=\"twitter:data1\" content=\"9\u00a0Minuten\" \/>\n<script type=\"application\/ld+json\" class=\"yoast-schema-graph\">{\"@context\":\"https:\/\/schema.org\",\"@graph\":[{\"@type\":\"WebSite\",\"@id\":\"https:\/\/blue-deco.de\/#website\",\"url\":\"https:\/\/blue-deco.de\/\",\"name\":\"blue-deco Werbetechnik GmbH\",\"description\":\"Ihr Partner f\\u00fcr Werbetechnik &amp; Gro\\u00dfbildkommunikation mit Sitz in Schwerte\",\"potentialAction\":[{\"@type\":\"SearchAction\",\"target\":{\"@type\":\"EntryPoint\",\"urlTemplate\":\"https:\/\/blue-deco.de\/?s={search_term_string}\"},\"query-input\":\"required name=search_term_string\"}],\"inLanguage\":\"de\"},{\"@type\":\"ImageObject\",\"@id\":\"https:\/\/blue-deco.de\/index.php\/kontakt\/#primaryimage\",\"inLanguage\":\"de\",\"url\":\"https:\/\/blue-deco.de\/wp-content\/uploads\/2019\/11\/bd_logo_blau-300x65.png\",\"contentUrl\":\"https:\/\/blue-deco.de\/wp-content\/uploads\/2019\/11\/bd_logo_blau-300x65.png\"},{\"@type\":\"WebPage\",\"@id\":\"https:\/\/blue-deco.de\/index.php\/kontakt\/#webpage\",\"url\":\"https:\/\/blue-deco.de\/index.php\/kontakt\/\",\"name\":\"Kontakt | blue-deco Werbetechnik GmbH\",\"isPartOf\":{\"@id\":\"https:\/\/blue-deco.de\/#website\"},\"primaryImageOfPage\":{\"@id\":\"https:\/\/blue-deco.de\/index.php\/kontakt\/#primaryimage\"},\"datePublished\":\"2019-11-12T07:09:02+00:00\",\"dateModified\":\"2021-12-14T10:12:54+00:00\",\"description\":\"Rufen Sie uns an oder schicken Sie uns eine E-Mail. Nat\\u00fcrlich k\\u00f6nnen Sie uns auch gern Ihre Anfrage \\u00fcber das folgende Formular \\u00fcbermitteln.\",\"breadcrumb\":{\"@id\":\"https:\/\/blue-deco.de\/index.php\/kontakt\/#breadcrumb\"},\"inLanguage\":\"de\",\"potentialAction\":[{\"@type\":\"ReadAction\",\"target\":[\"https:\/\/blue-deco.de\/index.php\/kontakt\/\"]}]},{\"@type\":\"BreadcrumbList\",\"@id\":\"https:\/\/blue-deco.de\/index.php\/kontakt\/#breadcrumb\",\"itemListElement\":[{\"@type\":\"ListItem\",\"position\":1,\"name\":\"Startseite\",\"item\":\"https:\/\/blue-deco.de\/\"},{\"@type\":\"ListItem\",\"position\":2,\"name\":\"Kontakt\"}]}]}<\/script>\n<!-- \/ Yoast SEO plugin. -->","yoast_head_json":{"title":"Kontakt | blue-deco Werbetechnik GmbH","description":"Rufen Sie uns an oder schicken Sie uns eine E-Mail. Nat\u00fcrlich k\u00f6nnen Sie uns auch gern Ihre Anfrage \u00fcber das folgende Formular \u00fcbermitteln.","robots":{"index":"index","follow":"follow","max-snippet":"max-snippet:-1","max-image-preview":"max-image-preview:large","max-video-preview":"max-video-preview:-1"},"canonical":"https:\/\/blue-deco.de\/index.php\/kontakt\/","og_locale":"de_DE","og_type":"article","og_title":"Kontakt | blue-deco Werbetechnik GmbH","og_description":"Rufen Sie uns an oder schicken Sie uns eine E-Mail. Nat\u00fcrlich k\u00f6nnen Sie uns auch gern Ihre Anfrage \u00fcber das folgende Formular \u00fcbermitteln.","og_url":"https:\/\/blue-deco.de\/index.php\/kontakt\/","og_site_name":"blue-deco Werbetechnik GmbH","article_publisher":"https:\/\/www.facebook.com\/bluedeco.werbetechnik","article_modified_time":"2021-12-14T10:12:54+00:00","og_image":[{"url":"https:\/\/blue-deco.de\/wp-content\/uploads\/2019\/11\/bd_logo_blau-300x65.png"}],"twitter_card":"summary_large_image","twitter_misc":{"Gesch\u00e4tzte Lesezeit":"9\u00a0Minuten"},"schema":{"@context":"https:\/\/schema.org","@graph":[{"@type":"WebSite","@id":"https:\/\/blue-deco.de\/#website","url":"https:\/\/blue-deco.de\/","name":"blue-deco Werbetechnik GmbH","description":"Ihr Partner f\u00fcr Werbetechnik &amp; Gro\u00dfbildkommunikation mit Sitz in Schwerte","potentialAction":[{"@type":"SearchAction","target":{"@type":"EntryPoint","urlTemplate":"https:\/\/blue-deco.de\/?s={search_term_string}"},"query-input":"required name=search_term_string"}],"inLanguage":"de"},{"@type":"ImageObject","@id":"https:\/\/blue-deco.de\/index.php\/kontakt\/#primaryimage","inLanguage":"de","url":"https:\/\/blue-deco.de\/wp-content\/uploads\/2019\/11\/bd_logo_blau-300x65.png","contentUrl":"https:\/\/blue-deco.de\/wp-content\/uploads\/2019\/11\/bd_logo_blau-300x65.png"},{"@type":"WebPage","@id":"https:\/\/blue-deco.de\/index.php\/kontakt\/#webpage","url":"https:\/\/blue-deco.de\/index.php\/kontakt\/","name":"Kontakt | blue-deco Werbetechnik GmbH","isPartOf":{"@id":"https:\/\/blue-deco.de\/#website"},"primaryImageOfPage":{"@id":"https:\/\/blue-deco.de\/index.php\/kontakt\/#primaryimage"},"datePublished":"2019-11-12T07:09:02+00:00","dateModified":"2021-12-14T10:12:54+00:00","description":"Rufen Sie uns an oder schicken Sie uns eine E-Mail. Nat\u00fcrlich k\u00f6nnen Sie uns auch gern Ihre Anfrage \u00fcber das folgende Formular \u00fcbermitteln.","breadcrumb":{"@id":"https:\/\/blue-deco.de\/index.php\/kontakt\/#breadcrumb"},"inLanguage":"de","potentialAction":[{"@type":"ReadAction","target":["https:\/\/blue-deco.de\/index.php\/kontakt\/"]}]},{"@type":"BreadcrumbList","@id":"https:\/\/blue-deco.de\/index.php\/kontakt\/#breadcrumb","itemListElement":[{"@type":"ListItem","position":1,"name":"Startseite","item":"https:\/\/blue-deco.de\/"},{"@type":"ListItem","position":2,"name":"Kontakt"}]}]}},"_links":{"self":[{"href":"https:\/\/blue-deco.de\/index.php\/wp-json\/wp\/v2\/pages\/240730"}],"collection":[{"href":"https:\/\/blue-deco.de\/index.php\/wp-json\/wp\/v2\/pages"}],"about":[{"href":"https:\/\/blue-deco.de\/index.php\/wp-json\/wp\/v2\/types\/page"}],"author":[{"embeddable":true,"href":"https:\/\/blue-deco.de\/index.php\/wp-json\/wp\/v2\/users\/1"}],"replies":[{"embeddable":true,"href":"https:\/\/blue-deco.de\/index.php\/wp-json\/wp\/v2\/comments?post=240730"}],"version-history":[{"count":13,"href":"https:\/\/blue-deco.de\/index.php\/wp-json\/wp\/v2\/pages\/240730\/revisions"}],"predecessor-version":[{"id":240973,"href":"https:\/\/blue-deco.de\/index.php\/wp-json\/wp\/v2\/pages\/240730\/revisions\/240973"}],"wp:attachment":[{"href":"https:\/\/blue-deco.de\/index.php\/wp-json\/wp\/v2\/media?parent=240730"}],"curies":[{"name":"wp","href":"https:\/\/api.w.org\/{rel}","templated":true}]}}