{"id":240728,"date":"2019-11-12T08:08:47","date_gmt":"2019-11-12T07:08:47","guid":{"rendered":"https:\/\/blue-deco.de\/?page_id=240728"},"modified":"2019-11-15T10:17:32","modified_gmt":"2019-11-15T09:17:32","slug":"leistungen-2","status":"publish","type":"page","link":"https:\/\/blue-deco.de\/index.php\/leistungen-2\/","title":{"rendered":"Leistungen"},"content":{"rendered":"\n[et_pb_section fb_built=&#8220;1&#8243; _builder_version=&#8220;3.29.3&#8243; background_enable_color=&#8220;off&#8220; background_image=&#8220;https:\/\/blue-deco.de\/wp-content\/uploads\/2019\/11\/leistungen.png&#8220; custom_margin=&#8220;||||false&#8220; custom_padding=&#8220;245px||245px||true|false&#8220;][\/et_pb_section][et_pb_section fb_built=&#8220;1&#8243; admin_label=&#8220;Service Section&#8220; module_id=&#8220;leistungen&#8220; _builder_version=&#8220;3.29.3&#8243; custom_margin=&#8220;|||&#8220; custom_padding=&#8220;54px||54px||true|&#8220;][et_pb_row _builder_version=&#8220;3.25&#8243;][et_pb_column type=&#8220;4_4&#8243; _builder_version=&#8220;3.25&#8243; custom_padding=&#8220;|||&#8220; custom_padding__hover=&#8220;|||&#8220;][et_pb_text _builder_version=&#8220;3.29.3&#8243; text_font=&#8220;||||||||&#8220; header_font=&#8220;||||||||&#8220; header_2_font=&#8220;Montserrat|600||on|||||&#8220; header_2_text_color=&#8220;#2d2d2d&#8220; header_2_font_size=&#8220;42px&#8220; header_2_line_height=&#8220;1.2em&#8220; header_3_font=&#8220;Montserrat|600||on|||||&#8220; header_3_text_color=&#8220;#2d2d2d&#8220; header_3_font_size=&#8220;42px&#8220; header_3_line_height=&#8220;1.2em&#8220; text_orientation=&#8220;center&#8220; module_alignment=&#8220;center&#8220; custom_margin=&#8220;|||&#8220; custom_padding=&#8220;|||&#8220; header_2_font_size_tablet=&#8220;&#8220; header_2_font_size_phone=&#8220;36px&#8220; header_2_font_size_last_edited=&#8220;on|phone&#8220; header_3_font_size_tablet=&#8220;&#8220; header_3_font_size_phone=&#8220;36px&#8220; header_3_font_size_last_edited=&#8220;on|phone&#8220; locked=&#8220;off&#8220;]<h2>LEISTUNGEN<\/h2>[\/et_pb_text][et_pb_divider color=&#8220;#0000FF&#8220; divider_position=&#8220;center&#8220; divider_weight=&#8220;5px&#8220; _builder_version=&#8220;3.29.3&#8243; max_width=&#8220;50px&#8220; module_alignment=&#8220;center&#8220; custom_margin=&#8220;-25px||||false|false&#8220;][\/et_pb_divider][\/et_pb_column][\/et_pb_row][et_pb_row column_structure=&#8220;1_4,1_4,1_4,1_4&#8243; use_custom_gutter=&#8220;on&#8220; make_equal=&#8220;on&#8220; admin_label=&#8220;Services&#8220; _builder_version=&#8220;3.29.3&#8243; width=&#8220;100%&#8220; max_width=&#8220;1345px&#8220; module_alignment=&#8220;center&#8220; custom_padding=&#8220;0px||25px|||&#8220; use_custom_width=&#8220;on&#8220; width_unit=&#8220;off&#8220;][et_pb_column type=&#8220;1_4&#8243; _builder_version=&#8220;3.25&#8243; custom_padding=&#8220;|||&#8220; custom_padding__hover=&#8220;|||&#8220;][et_pb_blurb title=&#8220;GRAFIK&#8220; image=&#8220;https:\/\/blue-deco.de\/wp-content\/uploads\/2019\/11\/grafik-1.png&#8220; image_max_width=&#8220;25%&#8220; _builder_version=&#8220;4.0.6&#8243; header_level=&#8220;h3&#8243; header_font=&#8220;Montserrat|700||on|||||&#8220; header_text_color=&#8220;#2d2d2d&#8220; header_font_size=&#8220;22px&#8220; header_line_height=&#8220;1.4em&#8220; body_font=&#8220;Montserrat|300|||||||&#8220; body_text_color=&#8220;#2d2d2d&#8220; body_font_size=&#8220;16px&#8220; body_line_height=&#8220;1.4em&#8220; text_orientation=&#8220;center&#8220; custom_padding=&#8220;30px|30px|30px|30px&#8220; animation_style=&#8220;slide&#8220; animation_direction=&#8220;top&#8220; animation=&#8220;off&#8220; link_option_url=&#8220;https:\/\/blue-deco.de\/index.php\/leistungen-2\/grafik\/&#8220; hover_enabled=&#8220;0&#8243; border_width_all=&#8220;0px&#8220; border_color_all=&#8220;#dddddd&#8220; border_style_all=&#8220;solid&#8220; use_border_color=&#8220;on&#8220; border_color=&#8220;#dddddd&#8220;]<p>Konzeption, Gestaltung, bis hin zur Bildbearbeitung. Grafik, die exakt zur Ihren W\u00fcnschen passt.<\/p>[\/et_pb_blurb][\/et_pb_column][et_pb_column type=&#8220;1_4&#8243; _builder_version=&#8220;3.25&#8243; custom_padding=&#8220;|||&#8220; custom_padding__hover=&#8220;|||&#8220;][et_pb_blurb title=&#8220;DRUCK&#8220; image=&#8220;https:\/\/blue-deco.de\/wp-content\/uploads\/2019\/11\/druck-icon.png&#8220; image_max_width=&#8220;25%&#8220; _builder_version=&#8220;4.0.6&#8243; header_level=&#8220;h3&#8243; header_font=&#8220;Montserrat|700||on|||||&#8220; header_text_color=&#8220;#2d2d2d&#8220; header_font_size=&#8220;22px&#8220; header_line_height=&#8220;1.4em&#8220; body_font=&#8220;Montserrat|300|||||||&#8220; body_text_color=&#8220;#2d2d2d&#8220; body_font_size=&#8220;16px&#8220; body_line_height=&#8220;1.4em&#8220; text_orientation=&#8220;center&#8220; custom_padding=&#8220;30px|30px|30px|30px&#8220; animation_style=&#8220;slide&#8220; animation_direction=&#8220;bottom&#8220; animation=&#8220;off&#8220; link_option_url=&#8220;https:\/\/blue-deco.de\/index.php\/leistungen-2\/druck\/&#8220; hover_enabled=&#8220;0&#8243; border_width_all=&#8220;0px&#8220; border_color_all=&#8220;#dddddd&#8220; border_style_all=&#8220;solid&#8220; use_border_color=&#8220;on&#8220; border_color=&#8220;#dddddd&#8220;]<p>Ob XXL-Planen, Hartschaumplatten, Roll-Up Banner oder Aluverbundschilder, die M\u00f6glichkeiten im gro\u00dfformatigen Druck sind nahezu unbegrenzt.<\/p>[\/et_pb_blurb][\/et_pb_column][et_pb_column type=&#8220;1_4&#8243; _builder_version=&#8220;3.25&#8243; custom_padding=&#8220;|||&#8220; custom_padding__hover=&#8220;|||&#8220;][et_pb_blurb title=&#8220;MONTAGE&#8220; image=&#8220;https:\/\/blue-deco.de\/wp-content\/uploads\/2019\/11\/montage-1.png&#8220; image_max_width=&#8220;25%&#8220; _builder_version=&#8220;4.0.6&#8243; header_level=&#8220;h3&#8243; header_font=&#8220;Montserrat|700||on|||||&#8220; header_text_color=&#8220;#2d2d2d&#8220; header_font_size=&#8220;22px&#8220; header_line_height=&#8220;1.4em&#8220; body_font=&#8220;Montserrat|300|||||||&#8220; body_text_color=&#8220;#2d2d2d&#8220; body_font_size=&#8220;16px&#8220; body_line_height=&#8220;1.4em&#8220; text_orientation=&#8220;center&#8220; custom_padding=&#8220;30px|30px|30px|30px&#8220; animation_style=&#8220;slide&#8220; animation_direction=&#8220;right&#8220; animation=&#8220;off&#8220; link_option_url=&#8220;https:\/\/blue-deco.de\/index.php\/leistungen-2\/montage\/&#8220; hover_enabled=&#8220;0&#8243; border_width_all=&#8220;0px&#8220; border_color_all=&#8220;#dddddd&#8220; border_style_all=&#8220;solid&#8220; use_border_color=&#8220;on&#8220; border_color=&#8220;#dddddd&#8220;]<p>Mit einem Team aus erfahrenen Werbetechnikern und Monteuren sorgen wir Europaweit f\u00fcr die fachgerechte Montage Ihrer Werbung.<\/p>[\/et_pb_blurb][\/et_pb_column][et_pb_column type=&#8220;1_4&#8243; _builder_version=&#8220;3.25&#8243; custom_padding=&#8220;|||&#8220; custom_padding__hover=&#8220;|||&#8220;][et_pb_blurb title=&#8220;L\u00d6SUNGEN&#8220; image=&#8220;https:\/\/blue-deco.de\/wp-content\/uploads\/2019\/11\/loesungen-1.png&#8220; image_max_width=&#8220;25%&#8220; _builder_version=&#8220;4.0.6&#8243; header_level=&#8220;h3&#8243; header_font=&#8220;Montserrat|700||on|||||&#8220; header_text_color=&#8220;#2d2d2d&#8220; header_font_size=&#8220;22px&#8220; header_line_height=&#8220;1.4em&#8220; body_font=&#8220;Montserrat|300|||||||&#8220; body_text_color=&#8220;#2d2d2d&#8220; body_font_size=&#8220;16px&#8220; body_line_height=&#8220;1.4em&#8220; text_orientation=&#8220;center&#8220; custom_padding=&#8220;30px|30px|30px|30px&#8220; animation_style=&#8220;slide&#8220; animation_direction=&#8220;left&#8220; animation=&#8220;off&#8220; link_option_url=&#8220;https:\/\/blue-deco.de\/index.php\/leistungen-2\/loesungen\/&#8220; hover_enabled=&#8220;0&#8243; border_width_all=&#8220;0px&#8220; border_color_all=&#8220;#dddddd&#8220; border_style_all=&#8220;solid&#8220; use_border_color=&#8220;on&#8220; border_color=&#8220;#dddddd&#8220;]<p>Vom Kundenleitsystem bis zur Shop-in-Shop L\u00f6sung. Eben das Besondere, wo von der Materialwahl bis zur Umsetzung die n\u00f6tigen Erfahrungen vorliegen \u2013 daf\u00fcr sind Sie bei uns an der richtigen Adresse.<\/p>[\/et_pb_blurb][\/et_pb_column][\/et_pb_row][\/et_pb_section]\n","protected":false},"excerpt":{"rendered":"<p>LEISTUNGENKonzeption, Gestaltung, bis hin zur Bildbearbeitung. Grafik, die exakt zur Ihren W\u00fcnschen passt.Ob XXL-Planen, Hartschaumplatten, Roll-Up Banner oder Aluverbundschilder, die M\u00f6glichkeiten im gro\u00dfformatigen Druck sind nahezu unbegrenzt.Mit einem Team aus erfahrenen Werbetechnikern und Monteuren sorgen wir Europaweit f\u00fcr die fachgerechte Montage Ihrer Werbung.Vom Kundenleitsystem bis zur Shop-in-Shop L\u00f6sung. Eben das Besondere, wo von der Materialwahl [&hellip;]<\/p>\n","protected":false},"author":1,"featured_media":0,"parent":0,"menu_order":0,"comment_status":"closed","ping_status":"closed","template":"","meta":{"_et_pb_use_builder":"on","_et_pb_old_content":"<!-- wp:divi\/placeholder \/-->","_et_gb_content_width":""},"yoast_head":"<!-- This site is optimized with the Yoast SEO plugin v17.6 - https:\/\/yoast.com\/wordpress\/plugins\/seo\/ -->\n<title>Leistungen | blue-deco Werbetechnik GmbH<\/title>\n<meta name=\"description\" content=\"Grafik, Druck, Montage, L\u00f6sungen.\" \/>\n<meta name=\"robots\" content=\"index, follow, max-snippet:-1, max-image-preview:large, max-video-preview:-1\" \/>\n<link rel=\"canonical\" href=\"https:\/\/blue-deco.de\/index.php\/leistungen-2\/\" \/>\n<meta property=\"og:locale\" content=\"de_DE\" \/>\n<meta property=\"og:type\" content=\"article\" \/>\n<meta property=\"og:title\" content=\"Leistungen | blue-deco Werbetechnik GmbH\" \/>\n<meta property=\"og:description\" content=\"Grafik, Druck, Montage, L\u00f6sungen.\" \/>\n<meta property=\"og:url\" content=\"https:\/\/blue-deco.de\/index.php\/leistungen-2\/\" \/>\n<meta property=\"og:site_name\" content=\"blue-deco Werbetechnik GmbH\" \/>\n<meta property=\"article:publisher\" content=\"https:\/\/www.facebook.com\/bluedeco.werbetechnik\" \/>\n<meta property=\"article:modified_time\" content=\"2019-11-15T09:17:32+00:00\" \/>\n<meta name=\"twitter:card\" content=\"summary_large_image\" \/>\n<meta name=\"twitter:label1\" content=\"Gesch\u00e4tzte Lesezeit\" \/>\n\t<meta name=\"twitter:data1\" content=\"4\u00a0Minuten\" \/>\n<script type=\"application\/ld+json\" class=\"yoast-schema-graph\">{\"@context\":\"https:\/\/schema.org\",\"@graph\":[{\"@type\":\"WebSite\",\"@id\":\"https:\/\/blue-deco.de\/#website\",\"url\":\"https:\/\/blue-deco.de\/\",\"name\":\"blue-deco Werbetechnik GmbH\",\"description\":\"Ihr Partner f\\u00fcr Werbetechnik &amp; Gro\\u00dfbildkommunikation mit Sitz in Schwerte\",\"potentialAction\":[{\"@type\":\"SearchAction\",\"target\":{\"@type\":\"EntryPoint\",\"urlTemplate\":\"https:\/\/blue-deco.de\/?s={search_term_string}\"},\"query-input\":\"required name=search_term_string\"}],\"inLanguage\":\"de\"},{\"@type\":\"WebPage\",\"@id\":\"https:\/\/blue-deco.de\/index.php\/leistungen-2\/#webpage\",\"url\":\"https:\/\/blue-deco.de\/index.php\/leistungen-2\/\",\"name\":\"Leistungen | blue-deco Werbetechnik GmbH\",\"isPartOf\":{\"@id\":\"https:\/\/blue-deco.de\/#website\"},\"datePublished\":\"2019-11-12T07:08:47+00:00\",\"dateModified\":\"2019-11-15T09:17:32+00:00\",\"description\":\"Grafik, Druck, Montage, L\\u00f6sungen.\",\"breadcrumb\":{\"@id\":\"https:\/\/blue-deco.de\/index.php\/leistungen-2\/#breadcrumb\"},\"inLanguage\":\"de\",\"potentialAction\":[{\"@type\":\"ReadAction\",\"target\":[\"https:\/\/blue-deco.de\/index.php\/leistungen-2\/\"]}]},{\"@type\":\"BreadcrumbList\",\"@id\":\"https:\/\/blue-deco.de\/index.php\/leistungen-2\/#breadcrumb\",\"itemListElement\":[{\"@type\":\"ListItem\",\"position\":1,\"name\":\"Startseite\",\"item\":\"https:\/\/blue-deco.de\/\"},{\"@type\":\"ListItem\",\"position\":2,\"name\":\"Leistungen\"}]}]}<\/script>\n<!-- \/ Yoast SEO plugin. -->","yoast_head_json":{"title":"Leistungen | blue-deco Werbetechnik GmbH","description":"Grafik, Druck, Montage, L\u00f6sungen.","robots":{"index":"index","follow":"follow","max-snippet":"max-snippet:-1","max-image-preview":"max-image-preview:large","max-video-preview":"max-video-preview:-1"},"canonical":"https:\/\/blue-deco.de\/index.php\/leistungen-2\/","og_locale":"de_DE","og_type":"article","og_title":"Leistungen | blue-deco Werbetechnik GmbH","og_description":"Grafik, Druck, Montage, L\u00f6sungen.","og_url":"https:\/\/blue-deco.de\/index.php\/leistungen-2\/","og_site_name":"blue-deco Werbetechnik GmbH","article_publisher":"https:\/\/www.facebook.com\/bluedeco.werbetechnik","article_modified_time":"2019-11-15T09:17:32+00:00","twitter_card":"summary_large_image","twitter_misc":{"Gesch\u00e4tzte Lesezeit":"4\u00a0Minuten"},"schema":{"@context":"https:\/\/schema.org","@graph":[{"@type":"WebSite","@id":"https:\/\/blue-deco.de\/#website","url":"https:\/\/blue-deco.de\/","name":"blue-deco Werbetechnik GmbH","description":"Ihr Partner f\u00fcr Werbetechnik &amp; Gro\u00dfbildkommunikation mit Sitz in Schwerte","potentialAction":[{"@type":"SearchAction","target":{"@type":"EntryPoint","urlTemplate":"https:\/\/blue-deco.de\/?s={search_term_string}"},"query-input":"required name=search_term_string"}],"inLanguage":"de"},{"@type":"WebPage","@id":"https:\/\/blue-deco.de\/index.php\/leistungen-2\/#webpage","url":"https:\/\/blue-deco.de\/index.php\/leistungen-2\/","name":"Leistungen | blue-deco Werbetechnik GmbH","isPartOf":{"@id":"https:\/\/blue-deco.de\/#website"},"datePublished":"2019-11-12T07:08:47+00:00","dateModified":"2019-11-15T09:17:32+00:00","description":"Grafik, Druck, Montage, L\u00f6sungen.","breadcrumb":{"@id":"https:\/\/blue-deco.de\/index.php\/leistungen-2\/#breadcrumb"},"inLanguage":"de","potentialAction":[{"@type":"ReadAction","target":["https:\/\/blue-deco.de\/index.php\/leistungen-2\/"]}]},{"@type":"BreadcrumbList","@id":"https:\/\/blue-deco.de\/index.php\/leistungen-2\/#breadcrumb","itemListElement":[{"@type":"ListItem","position":1,"name":"Startseite","item":"https:\/\/blue-deco.de\/"},{"@type":"ListItem","position":2,"name":"Leistungen"}]}]}},"_links":{"self":[{"href":"https:\/\/blue-deco.de\/index.php\/wp-json\/wp\/v2\/pages\/240728"}],"collection":[{"href":"https:\/\/blue-deco.de\/index.php\/wp-json\/wp\/v2\/pages"}],"about":[{"href":"https:\/\/blue-deco.de\/index.php\/wp-json\/wp\/v2\/types\/page"}],"author":[{"embeddable":true,"href":"https:\/\/blue-deco.de\/index.php\/wp-json\/wp\/v2\/users\/1"}],"replies":[{"embeddable":true,"href":"https:\/\/blue-deco.de\/index.php\/wp-json\/wp\/v2\/comments?post=240728"}],"version-history":[{"count":5,"href":"https:\/\/blue-deco.de\/index.php\/wp-json\/wp\/v2\/pages\/240728\/revisions"}],"predecessor-version":[{"id":240895,"href":"https:\/\/blue-deco.de\/index.php\/wp-json\/wp\/v2\/pages\/240728\/revisions\/240895"}],"wp:attachment":[{"href":"https:\/\/blue-deco.de\/index.php\/wp-json\/wp\/v2\/media?parent=240728"}],"curies":[{"name":"wp","href":"https:\/\/api.w.org\/{rel}","templated":true}]}}