{"id":240718,"date":"2019-11-12T08:07:05","date_gmt":"2019-11-12T07:07:05","guid":{"rendered":"https:\/\/blue-deco.de\/?page_id=240718"},"modified":"2019-11-15T10:23:14","modified_gmt":"2019-11-15T09:23:14","slug":"referenzen","status":"publish","type":"page","link":"https:\/\/blue-deco.de\/index.php\/ueber-uns\/referenzen\/","title":{"rendered":"Referenzen"},"content":{"rendered":"\n[et_pb_section fb_built=&#8220;1&#8243; _builder_version=&#8220;4.0.6&#8243; custom_padding=&#8220;||0px|||&#8220;][et_pb_row _builder_version=&#8220;4.0.6&#8243;][et_pb_column type=&#8220;4_4&#8243; _builder_version=&#8220;4.0.6&#8243;][et_pb_image src=&#8220;https:\/\/blue-deco.de\/wp-content\/uploads\/2019\/11\/blue-deco-Werbetechnik-GmbH_Bild_Referenzen.png&#8220; _builder_version=&#8220;4.0.6&#8243;][\/et_pb_image][\/et_pb_column][\/et_pb_row][\/et_pb_section][et_pb_section fb_built=&#8220;1&#8243; _builder_version=&#8220;3.29.3&#8243; custom_padding=&#8220;54px||54px||true|false&#8220;][et_pb_row _builder_version=&#8220;3.29.3&#8243;][et_pb_column type=&#8220;4_4&#8243; _builder_version=&#8220;3.29.3&#8243;][et_pb_text _builder_version=&#8220;4.0.6&#8243; text_font=&#8220;||||||||&#8220; header_font=&#8220;||||||||&#8220; header_2_font=&#8220;Rubik|700|||||||&#8220; header_2_font_size=&#8220;42px&#8220; header_2_line_height=&#8220;1.2em&#8220; header_3_font=&#8220;Montserrat|600||on|||||&#8220; header_3_text_color=&#8220;#2d2d2d&#8220; header_3_font_size=&#8220;42px&#8220; header_3_line_height=&#8220;1.2em&#8220; header_4_font=&#8220;Montserrat|600||on|||||&#8220; header_4_text_color=&#8220;#2d2d2d&#8220; header_4_font_size=&#8220;42px&#8220; header_4_line_height=&#8220;1.2em&#8220; text_orientation=&#8220;center&#8220; module_alignment=&#8220;center&#8220; custom_margin=&#8220;|||&#8220; custom_padding=&#8220;|||&#8220; animation_style=&#8220;slide&#8220; animation_direction=&#8220;top&#8220; hover_enabled=&#8220;0&#8243; header_2_font_size_tablet=&#8220;&#8220; header_2_font_size_phone=&#8220;36px&#8220; header_2_font_size_last_edited=&#8220;on|phone&#8220; header_3_font_size_tablet=&#8220;&#8220; header_3_font_size_phone=&#8220;36px&#8220; header_3_font_size_last_edited=&#8220;on|phone&#8220; header_4_font_size_tablet=&#8220;&#8220; header_4_font_size_phone=&#8220;36px&#8220; header_4_font_size_last_edited=&#8220;on|phone&#8220; locked=&#8220;off&#8220;]<h4>REFERENZEN<\/h4>\n[\/et_pb_text][et_pb_divider color=&#8220;#0000FF&#8220; divider_position=&#8220;center&#8220; divider_weight=&#8220;5px&#8220; _builder_version=&#8220;3.29.3&#8243; max_width=&#8220;50px&#8220; module_alignment=&#8220;center&#8220; min_height=&#8220;32px&#8220; custom_margin=&#8220;-38px||11px||false|false&#8220;][\/et_pb_divider][et_pb_text _builder_version=&#8220;4.0.6&#8243; text_font=&#8220;Montserrat|300|||||||&#8220; text_text_color=&#8220;#2d2d2d&#8220; text_font_size=&#8220;18px&#8220; text_line_height=&#8220;1.4em&#8220; header_font=&#8220;||||||||&#8220; text_orientation=&#8220;center&#8220; custom_margin=&#8220;||42px&#8220; custom_padding=&#8220;|||&#8220; custom_padding_tablet=&#8220;|40px||40px||true&#8220; custom_padding_last_edited=&#8220;off|desktop&#8220; animation_style=&#8220;slide&#8220; hover_enabled=&#8220;0&#8243;]<p>Seit \u00fcber 15 Jahren erf\u00fcllen wir regional und \u00fcberregional erfolgreich und zuverl\u00e4ssig die W\u00fcnsche unserer Kunden.<\/p>\n[\/et_pb_text][et_pb_button button_url=&#8220;https:\/\/blue-deco.de\/index.php\/kontakt\/&#8220; button_text=&#8220;ANFRAGE STELLEN&#8220; button_alignment=&#8220;center&#8220; _builder_version=&#8220;4.0.6&#8243; custom_button=&#8220;on&#8220; button_text_size=&#8220;14px&#8220; button_bg_color=&#8220;#0000FF&#8220; button_border_width=&#8220;12px&#8220; button_border_color=&#8220;#0000FF&#8220; button_border_radius=&#8220;0px&#8220; button_letter_spacing=&#8220;0px&#8220; button_font=&#8220;Rubik|700||on|||||&#8220; button_icon=&#8220;%%3%%&#8220; background_layout=&#8220;dark&#8220; custom_margin=&#8220;|||&#8220; box_shadow_style=&#8220;preset3&#8243; box_shadow_blur=&#8220;30px&#8220; box_shadow_color=&#8220;rgba(0,0,0,0)&#8220; button_text_size__hover_enabled=&#8220;off&#8220; button_one_text_size__hover_enabled=&#8220;off&#8220; button_two_text_size__hover_enabled=&#8220;off&#8220; button_text_color__hover_enabled=&#8220;off&#8220; button_one_text_color__hover_enabled=&#8220;off&#8220; button_two_text_color__hover_enabled=&#8220;off&#8220; button_border_width__hover_enabled=&#8220;off&#8220; button_one_border_width__hover_enabled=&#8220;off&#8220; button_two_border_width__hover_enabled=&#8220;off&#8220; button_border_color__hover_enabled=&#8220;off&#8220; button_one_border_color__hover_enabled=&#8220;off&#8220; button_two_border_color__hover_enabled=&#8220;off&#8220; button_border_radius__hover_enabled=&#8220;off&#8220; button_one_border_radius__hover_enabled=&#8220;off&#8220; button_two_border_radius__hover_enabled=&#8220;off&#8220; button_letter_spacing__hover_enabled=&#8220;off&#8220; button_one_letter_spacing__hover_enabled=&#8220;off&#8220; button_two_letter_spacing__hover_enabled=&#8220;off&#8220; button_bg_color__hover_enabled=&#8220;off&#8220; button_one_bg_color__hover_enabled=&#8220;off&#8220; button_two_bg_color__hover_enabled=&#8220;off&#8220; box_shadow_color__hover=&#8220;rgba(63,63,63,0.3)&#8220; box_shadow_color__hover_enabled=&#8220;on|desktop&#8220;][\/et_pb_button][\/et_pb_column][\/et_pb_row][\/et_pb_section]\n","protected":false},"excerpt":{"rendered":"<p>REFERENZEN Seit \u00fcber 15 Jahren erf\u00fcllen wir regional und \u00fcberregional erfolgreich und zuverl\u00e4ssig die W\u00fcnsche unserer Kunden.<\/p>\n","protected":false},"author":1,"featured_media":0,"parent":240740,"menu_order":0,"comment_status":"closed","ping_status":"closed","template":"","meta":{"_et_pb_use_builder":"on","_et_pb_old_content":"","_et_gb_content_width":""},"yoast_head":"<!-- This site is optimized with the Yoast SEO plugin v17.6 - https:\/\/yoast.com\/wordpress\/plugins\/seo\/ -->\n<title>Referenzen | blue-deco Werbetechnik GmbH<\/title>\n<meta name=\"description\" content=\"Seit \u00fcber 15 Jahren erf\u00fcllen wir regional und \u00fcberregional erfolgreich und zuverl\u00e4ssig die W\u00fcnsche unserer Kunden.\" \/>\n<meta name=\"robots\" content=\"index, follow, max-snippet:-1, max-image-preview:large, max-video-preview:-1\" \/>\n<link rel=\"canonical\" href=\"https:\/\/blue-deco.de\/index.php\/ueber-uns\/referenzen\/\" \/>\n<meta property=\"og:locale\" content=\"de_DE\" \/>\n<meta property=\"og:type\" content=\"article\" \/>\n<meta property=\"og:title\" content=\"Referenzen | blue-deco Werbetechnik GmbH\" \/>\n<meta property=\"og:description\" content=\"Seit \u00fcber 15 Jahren erf\u00fcllen wir regional und \u00fcberregional erfolgreich und zuverl\u00e4ssig die W\u00fcnsche unserer Kunden.\" \/>\n<meta property=\"og:url\" content=\"https:\/\/blue-deco.de\/index.php\/ueber-uns\/referenzen\/\" \/>\n<meta property=\"og:site_name\" content=\"blue-deco Werbetechnik GmbH\" \/>\n<meta property=\"article:publisher\" content=\"https:\/\/www.facebook.com\/bluedeco.werbetechnik\" \/>\n<meta property=\"article:modified_time\" content=\"2019-11-15T09:23:14+00:00\" \/>\n<meta name=\"twitter:card\" content=\"summary_large_image\" \/>\n<meta name=\"twitter:label1\" content=\"Gesch\u00e4tzte Lesezeit\" \/>\n\t<meta name=\"twitter:data1\" content=\"3\u00a0Minuten\" \/>\n<script type=\"application\/ld+json\" class=\"yoast-schema-graph\">{\"@context\":\"https:\/\/schema.org\",\"@graph\":[{\"@type\":\"WebSite\",\"@id\":\"https:\/\/blue-deco.de\/#website\",\"url\":\"https:\/\/blue-deco.de\/\",\"name\":\"blue-deco Werbetechnik GmbH\",\"description\":\"Ihr Partner f\\u00fcr Werbetechnik &amp; Gro\\u00dfbildkommunikation mit Sitz in Schwerte\",\"potentialAction\":[{\"@type\":\"SearchAction\",\"target\":{\"@type\":\"EntryPoint\",\"urlTemplate\":\"https:\/\/blue-deco.de\/?s={search_term_string}\"},\"query-input\":\"required name=search_term_string\"}],\"inLanguage\":\"de\"},{\"@type\":\"WebPage\",\"@id\":\"https:\/\/blue-deco.de\/index.php\/ueber-uns\/referenzen\/#webpage\",\"url\":\"https:\/\/blue-deco.de\/index.php\/ueber-uns\/referenzen\/\",\"name\":\"Referenzen | blue-deco Werbetechnik GmbH\",\"isPartOf\":{\"@id\":\"https:\/\/blue-deco.de\/#website\"},\"datePublished\":\"2019-11-12T07:07:05+00:00\",\"dateModified\":\"2019-11-15T09:23:14+00:00\",\"description\":\"Seit \\u00fcber 15 Jahren erf\\u00fcllen wir regional und \\u00fcberregional erfolgreich und zuverl\\u00e4ssig die W\\u00fcnsche unserer Kunden.\",\"breadcrumb\":{\"@id\":\"https:\/\/blue-deco.de\/index.php\/ueber-uns\/referenzen\/#breadcrumb\"},\"inLanguage\":\"de\",\"potentialAction\":[{\"@type\":\"ReadAction\",\"target\":[\"https:\/\/blue-deco.de\/index.php\/ueber-uns\/referenzen\/\"]}]},{\"@type\":\"BreadcrumbList\",\"@id\":\"https:\/\/blue-deco.de\/index.php\/ueber-uns\/referenzen\/#breadcrumb\",\"itemListElement\":[{\"@type\":\"ListItem\",\"position\":1,\"name\":\"Startseite\",\"item\":\"https:\/\/blue-deco.de\/\"},{\"@type\":\"ListItem\",\"position\":2,\"name\":\"\\u00dcber uns\",\"item\":\"https:\/\/blue-deco.de\/index.php\/ueber-uns\/\"},{\"@type\":\"ListItem\",\"position\":3,\"name\":\"Referenzen\"}]}]}<\/script>\n<!-- \/ Yoast SEO plugin. -->","yoast_head_json":{"title":"Referenzen | blue-deco Werbetechnik GmbH","description":"Seit \u00fcber 15 Jahren erf\u00fcllen wir regional und \u00fcberregional erfolgreich und zuverl\u00e4ssig die W\u00fcnsche unserer Kunden.","robots":{"index":"index","follow":"follow","max-snippet":"max-snippet:-1","max-image-preview":"max-image-preview:large","max-video-preview":"max-video-preview:-1"},"canonical":"https:\/\/blue-deco.de\/index.php\/ueber-uns\/referenzen\/","og_locale":"de_DE","og_type":"article","og_title":"Referenzen | blue-deco Werbetechnik GmbH","og_description":"Seit \u00fcber 15 Jahren erf\u00fcllen wir regional und \u00fcberregional erfolgreich und zuverl\u00e4ssig die W\u00fcnsche unserer Kunden.","og_url":"https:\/\/blue-deco.de\/index.php\/ueber-uns\/referenzen\/","og_site_name":"blue-deco Werbetechnik GmbH","article_publisher":"https:\/\/www.facebook.com\/bluedeco.werbetechnik","article_modified_time":"2019-11-15T09:23:14+00:00","twitter_card":"summary_large_image","twitter_misc":{"Gesch\u00e4tzte Lesezeit":"3\u00a0Minuten"},"schema":{"@context":"https:\/\/schema.org","@graph":[{"@type":"WebSite","@id":"https:\/\/blue-deco.de\/#website","url":"https:\/\/blue-deco.de\/","name":"blue-deco Werbetechnik GmbH","description":"Ihr Partner f\u00fcr Werbetechnik &amp; Gro\u00dfbildkommunikation mit Sitz in Schwerte","potentialAction":[{"@type":"SearchAction","target":{"@type":"EntryPoint","urlTemplate":"https:\/\/blue-deco.de\/?s={search_term_string}"},"query-input":"required name=search_term_string"}],"inLanguage":"de"},{"@type":"WebPage","@id":"https:\/\/blue-deco.de\/index.php\/ueber-uns\/referenzen\/#webpage","url":"https:\/\/blue-deco.de\/index.php\/ueber-uns\/referenzen\/","name":"Referenzen | blue-deco Werbetechnik GmbH","isPartOf":{"@id":"https:\/\/blue-deco.de\/#website"},"datePublished":"2019-11-12T07:07:05+00:00","dateModified":"2019-11-15T09:23:14+00:00","description":"Seit \u00fcber 15 Jahren erf\u00fcllen wir regional und \u00fcberregional erfolgreich und zuverl\u00e4ssig die W\u00fcnsche unserer Kunden.","breadcrumb":{"@id":"https:\/\/blue-deco.de\/index.php\/ueber-uns\/referenzen\/#breadcrumb"},"inLanguage":"de","potentialAction":[{"@type":"ReadAction","target":["https:\/\/blue-deco.de\/index.php\/ueber-uns\/referenzen\/"]}]},{"@type":"BreadcrumbList","@id":"https:\/\/blue-deco.de\/index.php\/ueber-uns\/referenzen\/#breadcrumb","itemListElement":[{"@type":"ListItem","position":1,"name":"Startseite","item":"https:\/\/blue-deco.de\/"},{"@type":"ListItem","position":2,"name":"\u00dcber uns","item":"https:\/\/blue-deco.de\/index.php\/ueber-uns\/"},{"@type":"ListItem","position":3,"name":"Referenzen"}]}]}},"_links":{"self":[{"href":"https:\/\/blue-deco.de\/index.php\/wp-json\/wp\/v2\/pages\/240718"}],"collection":[{"href":"https:\/\/blue-deco.de\/index.php\/wp-json\/wp\/v2\/pages"}],"about":[{"href":"https:\/\/blue-deco.de\/index.php\/wp-json\/wp\/v2\/types\/page"}],"author":[{"embeddable":true,"href":"https:\/\/blue-deco.de\/index.php\/wp-json\/wp\/v2\/users\/1"}],"replies":[{"embeddable":true,"href":"https:\/\/blue-deco.de\/index.php\/wp-json\/wp\/v2\/comments?post=240718"}],"version-history":[{"count":8,"href":"https:\/\/blue-deco.de\/index.php\/wp-json\/wp\/v2\/pages\/240718\/revisions"}],"predecessor-version":[{"id":240903,"href":"https:\/\/blue-deco.de\/index.php\/wp-json\/wp\/v2\/pages\/240718\/revisions\/240903"}],"up":[{"embeddable":true,"href":"https:\/\/blue-deco.de\/index.php\/wp-json\/wp\/v2\/pages\/240740"}],"wp:attachment":[{"href":"https:\/\/blue-deco.de\/index.php\/wp-json\/wp\/v2\/media?parent=240718"}],"curies":[{"name":"wp","href":"https:\/\/api.w.org\/{rel}","templated":true}]}}